{"id":953,"date":"2025-08-21T16:44:59","date_gmt":"2025-08-21T14:44:59","guid":{"rendered":"https:\/\/www.gabriellibedding.com\/?page_id=953"},"modified":"2025-08-22T16:59:18","modified_gmt":"2025-08-22T14:59:18","slug":"natural-retro-class-riposo-di-lusso","status":"publish","type":"page","link":"https:\/\/www.gabriellibedding.com\/index.php\/natural-retro-class-riposo-di-lusso\/","title":{"rendered":"Natrural Retr\u00f2 Class"},"content":{"rendered":"\n<div class=\"wp-block-group has-background\" style=\"background-color:#EDE4D7;padding-top:40px;padding-right:20px;padding-bottom:40px;padding-left:20px\"><div class=\"wp-block-group__inner-container is-layout-constrained wp-container-core-group-is-layout-281a4ed7 wp-block-group-is-layout-constrained\"><div class=\"wp-block-image\">\n<figure class=\"aligncenter size-full\"><img loading=\"lazy\" decoding=\"async\" width=\"765\" height=\"443\" src=\"https:\/\/www.gabriellibedding.com\/wp-content\/uploads\/2025\/08\/naturale-retro-class-celeste-banner.jpg\" alt=\"Natural Retr\u00f2 Class Gabrielli\" class=\"wp-image-969\" srcset=\"https:\/\/www.gabriellibedding.com\/wp-content\/uploads\/2025\/08\/naturale-retro-class-celeste-banner.jpg 765w, https:\/\/www.gabriellibedding.com\/wp-content\/uploads\/2025\/08\/naturale-retro-class-celeste-banner-300x174.jpg 300w\" sizes=\"auto, (max-width: 765px) 100vw, 765px\" \/><\/figure>\n<\/div>\n\n\n<p>La versione pi\u00f9 esclusiva della linea, resa tale dall\u2019eccellenza dei materiali selezionati e dalla lavorazione manuale guidata dalla sapienza degli artigiani, capace di armonizzare tradizione e innovazione. Natural Retr\u00f2 Class aggiunge al materasso superiore il crine di cavallo accanto alla lana inglese Cheviot, per un\u2019elasticit\u00e0 nobile e una traspirazione superiore. Alla base, molle insacchettate a risposta elastica controllata: sostegno autorevole, accoglienza profonda.<\/p>\n\n\n\n<h2 class=\"wp-block-heading\">Lo stile al servizio del benessere<\/h2>\n\n\n\n<div class=\"wp-block-media-text is-stacked-on-mobile is-vertically-aligned-center\" style=\"grid-template-columns:39% auto\"><figure class=\"wp-block-media-text__media\"><img loading=\"lazy\" decoding=\"async\" width=\"934\" height=\"1024\" src=\"https:\/\/www.gabriellibedding.com\/wp-content\/uploads\/2025\/08\/retro-celeste-mn-934x1024.jpg\" alt=\"Naturale Retr\u00f2 Class\" class=\"wp-image-966 size-full\" srcset=\"https:\/\/www.gabriellibedding.com\/wp-content\/uploads\/2025\/08\/retro-celeste-mn-934x1024.jpg 934w, https:\/\/www.gabriellibedding.com\/wp-content\/uploads\/2025\/08\/retro-celeste-mn-274x300.jpg 274w, https:\/\/www.gabriellibedding.com\/wp-content\/uploads\/2025\/08\/retro-celeste-mn-768x842.jpg 768w, https:\/\/www.gabriellibedding.com\/wp-content\/uploads\/2025\/08\/retro-celeste-mn.jpg 1000w\" sizes=\"auto, (max-width: 934px) 100vw, 934px\" \/><\/figure><div class=\"wp-block-media-text__content\">\n<p>Il tocco elastico e fresco del crine, la sofficit\u00e0 e la leggerezza della lana, fibre nobili che catturano l&#8217;aria nelle loro cavit\u00e0 favorendo la costante termoregolazione per garantire un sonno continuato, non interrotto, il sonno profondo di cui hai bisogno perch\u00e9 \u00e8 rigenerante. Natural Retr\u00f2 Class accoglie con un comfort profondo e stabile, restituendo una sensazione di lusso discreto e di autentica manifattura.<\/p>\n<\/div><\/div>\n\n\n\n<h3 class=\"wp-block-heading\">il comfort e la naturalezza del Topper Soprano<\/h3>\n\n\n\n<p>un equilibrio raffinato tra elasticit\u00e0 e delicatezza, capace di trasformare ogni notte in un\u2019esperienza di riposo genuino, ispirato alla conoscenza antica e alla purezza della materia e delle sua lavorazione manuale.<\/p>\n\n\n\n<div class=\"wp-block-media-text has-media-on-the-right is-stacked-on-mobile\"><div class=\"wp-block-media-text__content\">\n<p>Il <strong>Topper Soprano<\/strong>, il pillow-top Gabrielli pi\u00f9 alto e dalla doppia imbottitura, in lana Cheviot cardata e crine di cavallo di prima scelta, fibre vergini per un completo abbraccio che rigenera, che accoglie il corpo e accompagna il sonno profondo. Non \u00e8 un accessorio, ma un elemento essenziale che completa l\u2019anima del Natural Retr\u00f2 Class.<\/p>\n<\/div><figure class=\"wp-block-media-text__media\"><img loading=\"lazy\" decoding=\"async\" width=\"773\" height=\"607\" src=\"https:\/\/www.gabriellibedding.com\/wp-content\/uploads\/2025\/08\/nat-retro-sezione.jpg\" alt=\"Sezione del materasso Natural Retr\u00f2 Class\" class=\"wp-image-962 size-full\" srcset=\"https:\/\/www.gabriellibedding.com\/wp-content\/uploads\/2025\/08\/nat-retro-sezione.jpg 773w, https:\/\/www.gabriellibedding.com\/wp-content\/uploads\/2025\/08\/nat-retro-sezione-300x236.jpg 300w, https:\/\/www.gabriellibedding.com\/wp-content\/uploads\/2025\/08\/nat-retro-sezione-768x603.jpg 768w\" sizes=\"auto, (max-width: 773px) 100vw, 773px\" \/><\/figure><\/div>\n\n\n\n<ul class=\"wp-block-list\">\n<li><strong>Struttura portante<\/strong>: base a molle insacchettate indipendenti con supporto progressivo; imbottitura in fibre cave anallergiche che trattengono aria favorendo la termoregolazione.<\/li>\n\n\n\n<li><strong>Superficie di contatto<\/strong>: Topper Soprano, selezione di <strong>lana inglese Cheviot<\/strong> e <strong>crine di cavallo<\/strong> per elasticit\u00e0 e freschezza naturali.<\/li>\n\n\n\n<li><strong>Support Zone<\/strong>: grado di portanza della base a scelta tra <strong>media 5\/10<\/strong> o <strong>rigida 7\/10<\/strong>.<\/li>\n\n\n\n<li><strong>Comfort zone<\/strong>: <strong>Upper Comfort Zone Scale 5<\/strong>, con rilascio graduale della pressione nei punti chiave.<\/li>\n\n\n\n<li><strong>Traspirazione<\/strong>: massima, grazie all\u2019abbinamento molle insacchettate + fibre naturali ad alta aerazione.<\/li>\n\n\n\n<li><strong>Finiture<\/strong>: lavorazioni sartoriali e bordature perimetrali a mano. Rivestimento a scelta, rigato o tinta unita.<\/li>\n<\/ul>\n\n\n\n<p><\/p>\n<\/div><\/div>\n\n\n\n<p><\/p>\n","protected":false},"excerpt":{"rendered":"<p>La versione pi\u00f9 esclusiva della linea, resa tale dall\u2019eccellenza dei materiali selezionati e dalla lavorazione manuale guidata dalla sapienza degli<\/p>\n<p><a href=\"https:\/\/www.gabriellibedding.com\/index.php\/natural-retro-class-riposo-di-lusso\/\" class=\"more-link\">Continue reading<span class=\"screen-reader-text\">Natrural Retr\u00f2 Class<\/span><\/a><\/p>\n","protected":false},"author":1,"featured_media":0,"parent":0,"menu_order":0,"comment_status":"closed","ping_status":"closed","template":"","meta":{"footnotes":""},"class_list":["post-953","page","type-page","status-publish","hentry"],"yoast_head":"<!-- This site is optimized with the Yoast SEO plugin v25.4 - https:\/\/yoast.com\/wordpress\/plugins\/seo\/ -->\n<title>Natrural Retr\u00f2 Class - gabrielli bedding<\/title>\n<meta name=\"description\" content=\"Il materasso Gabrielli Natural Retr\u00f2 Class \u00e8 il fiore all&#039;occhiello della collezione Retr\u00f2, con il topper Soprano alto e in crine e lana\" \/>\n<meta name=\"robots\" content=\"index, follow, max-snippet:-1, max-image-preview:large, max-video-preview:-1\" \/>\n<link rel=\"canonical\" href=\"https:\/\/www.gabriellibedding.com\/index.php\/natural-retro-class-riposo-di-lusso\/\" \/>\n<meta property=\"og:locale\" content=\"it_IT\" \/>\n<meta property=\"og:type\" content=\"article\" \/>\n<meta property=\"og:title\" content=\"Natrural Retr\u00f2 Class - gabrielli bedding\" \/>\n<meta property=\"og:description\" content=\"Il materasso Gabrielli Natural Retr\u00f2 Class \u00e8 il fiore all&#039;occhiello della collezione Retr\u00f2, con il topper Soprano alto e in crine e lana\" \/>\n<meta property=\"og:url\" content=\"https:\/\/www.gabriellibedding.com\/index.php\/natural-retro-class-riposo-di-lusso\/\" \/>\n<meta property=\"og:site_name\" content=\"gabrielli bedding\" \/>\n<meta property=\"article:modified_time\" content=\"2025-08-22T14:59:18+00:00\" \/>\n<meta property=\"og:image\" content=\"https:\/\/www.gabriellibedding.com\/wp-content\/uploads\/2025\/08\/naturale-retro-class-celeste-banner.jpg\" \/>\n\t<meta property=\"og:image:width\" content=\"765\" \/>\n\t<meta property=\"og:image:height\" content=\"443\" \/>\n\t<meta property=\"og:image:type\" content=\"image\/jpeg\" \/>\n<meta name=\"twitter:card\" content=\"summary_large_image\" \/>\n<meta name=\"twitter:label1\" content=\"Tempo di lettura stimato\" \/>\n\t<meta name=\"twitter:data1\" content=\"3 minuti\" \/>\n<script type=\"application\/ld+json\" class=\"yoast-schema-graph\">{\"@context\":\"https:\/\/schema.org\",\"@graph\":[{\"@type\":\"WebPage\",\"@id\":\"https:\/\/www.gabriellibedding.com\/index.php\/natural-retro-class-riposo-di-lusso\/\",\"url\":\"https:\/\/www.gabriellibedding.com\/index.php\/natural-retro-class-riposo-di-lusso\/\",\"name\":\"Natrural Retr\u00f2 Class - gabrielli bedding\",\"isPartOf\":{\"@id\":\"https:\/\/www.gabriellibedding.com\/#website\"},\"primaryImageOfPage\":{\"@id\":\"https:\/\/www.gabriellibedding.com\/index.php\/natural-retro-class-riposo-di-lusso\/#primaryimage\"},\"image\":{\"@id\":\"https:\/\/www.gabriellibedding.com\/index.php\/natural-retro-class-riposo-di-lusso\/#primaryimage\"},\"thumbnailUrl\":\"https:\/\/www.gabriellibedding.com\/wp-content\/uploads\/2025\/08\/naturale-retro-class-celeste-banner.jpg\",\"datePublished\":\"2025-08-21T14:44:59+00:00\",\"dateModified\":\"2025-08-22T14:59:18+00:00\",\"description\":\"Il materasso Gabrielli Natural Retr\u00f2 Class \u00e8 il fiore all'occhiello della collezione Retr\u00f2, con il topper Soprano alto e in crine e lana\",\"breadcrumb\":{\"@id\":\"https:\/\/www.gabriellibedding.com\/index.php\/natural-retro-class-riposo-di-lusso\/#breadcrumb\"},\"inLanguage\":\"it-IT\",\"potentialAction\":[{\"@type\":\"ReadAction\",\"target\":[\"https:\/\/www.gabriellibedding.com\/index.php\/natural-retro-class-riposo-di-lusso\/\"]}]},{\"@type\":\"ImageObject\",\"inLanguage\":\"it-IT\",\"@id\":\"https:\/\/www.gabriellibedding.com\/index.php\/natural-retro-class-riposo-di-lusso\/#primaryimage\",\"url\":\"https:\/\/www.gabriellibedding.com\/wp-content\/uploads\/2025\/08\/naturale-retro-class-celeste-banner.jpg\",\"contentUrl\":\"https:\/\/www.gabriellibedding.com\/wp-content\/uploads\/2025\/08\/naturale-retro-class-celeste-banner.jpg\",\"width\":765,\"height\":443,\"caption\":\"Natural Retr\u00f2 Class Gabrielli\"},{\"@type\":\"BreadcrumbList\",\"@id\":\"https:\/\/www.gabriellibedding.com\/index.php\/natural-retro-class-riposo-di-lusso\/#breadcrumb\",\"itemListElement\":[{\"@type\":\"ListItem\",\"position\":1,\"name\":\"Home\",\"item\":\"https:\/\/www.gabriellibedding.com\/\"},{\"@type\":\"ListItem\",\"position\":2,\"name\":\"Natrural Retr\u00f2 Class\"}]},{\"@type\":\"WebSite\",\"@id\":\"https:\/\/www.gabriellibedding.com\/#website\",\"url\":\"https:\/\/www.gabriellibedding.com\/\",\"name\":\"gabrielli bedding\",\"description\":\"artigianato del materasso\",\"publisher\":{\"@id\":\"https:\/\/www.gabriellibedding.com\/#organization\"},\"potentialAction\":[{\"@type\":\"SearchAction\",\"target\":{\"@type\":\"EntryPoint\",\"urlTemplate\":\"https:\/\/www.gabriellibedding.com\/?s={search_term_string}\"},\"query-input\":{\"@type\":\"PropertyValueSpecification\",\"valueRequired\":true,\"valueName\":\"search_term_string\"}}],\"inLanguage\":\"it-IT\"},{\"@type\":\"Organization\",\"@id\":\"https:\/\/www.gabriellibedding.com\/#organization\",\"name\":\"gabrielli bedding\",\"url\":\"https:\/\/www.gabriellibedding.com\/\",\"logo\":{\"@type\":\"ImageObject\",\"inLanguage\":\"it-IT\",\"@id\":\"https:\/\/www.gabriellibedding.com\/#\/schema\/logo\/image\/\",\"url\":\"https:\/\/www.gabriellibedding.com\/wp-content\/uploads\/2024\/07\/cropped-gabrielli-logo-small-black.jpg\",\"contentUrl\":\"https:\/\/www.gabriellibedding.com\/wp-content\/uploads\/2024\/07\/cropped-gabrielli-logo-small-black.jpg\",\"width\":261,\"height\":153,\"caption\":\"gabrielli bedding\"},\"image\":{\"@id\":\"https:\/\/www.gabriellibedding.com\/#\/schema\/logo\/image\/\"}}]}<\/script>\n<!-- \/ Yoast SEO plugin. -->","yoast_head_json":{"title":"Natrural Retr\u00f2 Class - gabrielli bedding","description":"Il materasso Gabrielli Natural Retr\u00f2 Class \u00e8 il fiore all'occhiello della collezione Retr\u00f2, con il topper Soprano alto e in crine e lana","robots":{"index":"index","follow":"follow","max-snippet":"max-snippet:-1","max-image-preview":"max-image-preview:large","max-video-preview":"max-video-preview:-1"},"canonical":"https:\/\/www.gabriellibedding.com\/index.php\/natural-retro-class-riposo-di-lusso\/","og_locale":"it_IT","og_type":"article","og_title":"Natrural Retr\u00f2 Class - gabrielli bedding","og_description":"Il materasso Gabrielli Natural Retr\u00f2 Class \u00e8 il fiore all'occhiello della collezione Retr\u00f2, con il topper Soprano alto e in crine e lana","og_url":"https:\/\/www.gabriellibedding.com\/index.php\/natural-retro-class-riposo-di-lusso\/","og_site_name":"gabrielli bedding","article_modified_time":"2025-08-22T14:59:18+00:00","og_image":[{"width":765,"height":443,"url":"https:\/\/www.gabriellibedding.com\/wp-content\/uploads\/2025\/08\/naturale-retro-class-celeste-banner.jpg","type":"image\/jpeg"}],"twitter_card":"summary_large_image","twitter_misc":{"Tempo di lettura stimato":"3 minuti"},"schema":{"@context":"https:\/\/schema.org","@graph":[{"@type":"WebPage","@id":"https:\/\/www.gabriellibedding.com\/index.php\/natural-retro-class-riposo-di-lusso\/","url":"https:\/\/www.gabriellibedding.com\/index.php\/natural-retro-class-riposo-di-lusso\/","name":"Natrural Retr\u00f2 Class - gabrielli bedding","isPartOf":{"@id":"https:\/\/www.gabriellibedding.com\/#website"},"primaryImageOfPage":{"@id":"https:\/\/www.gabriellibedding.com\/index.php\/natural-retro-class-riposo-di-lusso\/#primaryimage"},"image":{"@id":"https:\/\/www.gabriellibedding.com\/index.php\/natural-retro-class-riposo-di-lusso\/#primaryimage"},"thumbnailUrl":"https:\/\/www.gabriellibedding.com\/wp-content\/uploads\/2025\/08\/naturale-retro-class-celeste-banner.jpg","datePublished":"2025-08-21T14:44:59+00:00","dateModified":"2025-08-22T14:59:18+00:00","description":"Il materasso Gabrielli Natural Retr\u00f2 Class \u00e8 il fiore all'occhiello della collezione Retr\u00f2, con il topper Soprano alto e in crine e lana","breadcrumb":{"@id":"https:\/\/www.gabriellibedding.com\/index.php\/natural-retro-class-riposo-di-lusso\/#breadcrumb"},"inLanguage":"it-IT","potentialAction":[{"@type":"ReadAction","target":["https:\/\/www.gabriellibedding.com\/index.php\/natural-retro-class-riposo-di-lusso\/"]}]},{"@type":"ImageObject","inLanguage":"it-IT","@id":"https:\/\/www.gabriellibedding.com\/index.php\/natural-retro-class-riposo-di-lusso\/#primaryimage","url":"https:\/\/www.gabriellibedding.com\/wp-content\/uploads\/2025\/08\/naturale-retro-class-celeste-banner.jpg","contentUrl":"https:\/\/www.gabriellibedding.com\/wp-content\/uploads\/2025\/08\/naturale-retro-class-celeste-banner.jpg","width":765,"height":443,"caption":"Natural Retr\u00f2 Class Gabrielli"},{"@type":"BreadcrumbList","@id":"https:\/\/www.gabriellibedding.com\/index.php\/natural-retro-class-riposo-di-lusso\/#breadcrumb","itemListElement":[{"@type":"ListItem","position":1,"name":"Home","item":"https:\/\/www.gabriellibedding.com\/"},{"@type":"ListItem","position":2,"name":"Natrural Retr\u00f2 Class"}]},{"@type":"WebSite","@id":"https:\/\/www.gabriellibedding.com\/#website","url":"https:\/\/www.gabriellibedding.com\/","name":"gabrielli bedding","description":"artigianato del materasso","publisher":{"@id":"https:\/\/www.gabriellibedding.com\/#organization"},"potentialAction":[{"@type":"SearchAction","target":{"@type":"EntryPoint","urlTemplate":"https:\/\/www.gabriellibedding.com\/?s={search_term_string}"},"query-input":{"@type":"PropertyValueSpecification","valueRequired":true,"valueName":"search_term_string"}}],"inLanguage":"it-IT"},{"@type":"Organization","@id":"https:\/\/www.gabriellibedding.com\/#organization","name":"gabrielli bedding","url":"https:\/\/www.gabriellibedding.com\/","logo":{"@type":"ImageObject","inLanguage":"it-IT","@id":"https:\/\/www.gabriellibedding.com\/#\/schema\/logo\/image\/","url":"https:\/\/www.gabriellibedding.com\/wp-content\/uploads\/2024\/07\/cropped-gabrielli-logo-small-black.jpg","contentUrl":"https:\/\/www.gabriellibedding.com\/wp-content\/uploads\/2024\/07\/cropped-gabrielli-logo-small-black.jpg","width":261,"height":153,"caption":"gabrielli bedding"},"image":{"@id":"https:\/\/www.gabriellibedding.com\/#\/schema\/logo\/image\/"}}]}},"_links":{"self":[{"href":"https:\/\/www.gabriellibedding.com\/index.php\/wp-json\/wp\/v2\/pages\/953","targetHints":{"allow":["GET"]}}],"collection":[{"href":"https:\/\/www.gabriellibedding.com\/index.php\/wp-json\/wp\/v2\/pages"}],"about":[{"href":"https:\/\/www.gabriellibedding.com\/index.php\/wp-json\/wp\/v2\/types\/page"}],"author":[{"embeddable":true,"href":"https:\/\/www.gabriellibedding.com\/index.php\/wp-json\/wp\/v2\/users\/1"}],"replies":[{"embeddable":true,"href":"https:\/\/www.gabriellibedding.com\/index.php\/wp-json\/wp\/v2\/comments?post=953"}],"version-history":[{"count":8,"href":"https:\/\/www.gabriellibedding.com\/index.php\/wp-json\/wp\/v2\/pages\/953\/revisions"}],"predecessor-version":[{"id":990,"href":"https:\/\/www.gabriellibedding.com\/index.php\/wp-json\/wp\/v2\/pages\/953\/revisions\/990"}],"wp:attachment":[{"href":"https:\/\/www.gabriellibedding.com\/index.php\/wp-json\/wp\/v2\/media?parent=953"}],"curies":[{"name":"wp","href":"https:\/\/api.w.org\/{rel}","templated":true}]}}