{"id":948,"date":"2025-08-21T16:15:53","date_gmt":"2025-08-21T14:15:53","guid":{"rendered":"https:\/\/www.gabriellibedding.com\/?page_id=948"},"modified":"2025-08-22T16:50:03","modified_gmt":"2025-08-22T14:50:03","slug":"natural-retro","status":"publish","type":"page","link":"https:\/\/www.gabriellibedding.com\/index.php\/natural-retro\/","title":{"rendered":"Natural Retr\u00f2"},"content":{"rendered":"\n<div class=\"wp-block-group has-background\" style=\"background-color:#EDE4D7;padding-top:40px;padding-right:20px;padding-bottom:40px;padding-left:20px\"><div class=\"wp-block-group__inner-container is-layout-constrained wp-container-core-group-is-layout-281a4ed7 wp-block-group-is-layout-constrained\"><div class=\"wp-block-image\">\n<figure class=\"aligncenter size-full is-resized\"><img loading=\"lazy\" decoding=\"async\" width=\"662\" height=\"317\" src=\"https:\/\/www.gabriellibedding.com\/wp-content\/uploads\/2025\/08\/naturale-retro-grey-banner.jpg\" alt=\"Naturale Retr\u00f2 lana\" class=\"wp-image-967\" style=\"width:764px;height:auto\" srcset=\"https:\/\/www.gabriellibedding.com\/wp-content\/uploads\/2025\/08\/naturale-retro-grey-banner.jpg 662w, https:\/\/www.gabriellibedding.com\/wp-content\/uploads\/2025\/08\/naturale-retro-grey-banner-300x144.jpg 300w\" sizes=\"auto, (max-width: 662px) 100vw, 662px\" \/><\/figure>\n<\/div>\n\n\n<p>Ritrova il contatto con la natura per un riposo naturale e rigenerante. Natural Retr\u00f2 \u00e8 da dove tutto \u00e8 cominciato, quando era modernit\u00e0, e non nostalgia (Retr\u00f2). La versione iconica della linea: base a molle insacchettate con risposta elastica controllata e materasso superiore totalmente in fibre naturali. Un equilibrio tra sostegno e morbidezza per un\u2019accoglienza naturale, mai artificiosa.<\/p>\n\n\n\n<h2 class=\"wp-block-heading\">Sospesi nella Leggerezza<\/h2>\n\n\n\n<div class=\"wp-block-media-text is-stacked-on-mobile\"><figure class=\"wp-block-media-text__media\"><img loading=\"lazy\" decoding=\"async\" width=\"1000\" height=\"750\" src=\"https:\/\/www.gabriellibedding.com\/wp-content\/uploads\/2025\/08\/naturale-retro-grey.jpg\" alt=\"Naturale Retr\u00f2 grey\" class=\"wp-image-968 size-full\" srcset=\"https:\/\/www.gabriellibedding.com\/wp-content\/uploads\/2025\/08\/naturale-retro-grey.jpg 1000w, https:\/\/www.gabriellibedding.com\/wp-content\/uploads\/2025\/08\/naturale-retro-grey-300x225.jpg 300w, https:\/\/www.gabriellibedding.com\/wp-content\/uploads\/2025\/08\/naturale-retro-grey-768x576.jpg 768w, https:\/\/www.gabriellibedding.com\/wp-content\/uploads\/2025\/08\/naturale-retro-grey-440x330.jpg 440w, https:\/\/www.gabriellibedding.com\/wp-content\/uploads\/2025\/08\/naturale-retro-grey-920x690.jpg 920w\" sizes=\"auto, (max-width: 1000px) 100vw, 1000px\" \/><\/figure><div class=\"wp-block-media-text__content\">\n<p>Comfort, Benessere e Leggerezza in Armonia. La lana, termoregolante, ti isola dal calore in estate, ti scalda con il suo calore autentico in inverno. Natural Retr\u00f2 asseconda ogni movimento, respira con te e ti restituisce un riposo quieto, profondo, pulito. La tradizione incontra la comodit\u00e0 contemporanea, senza rinunciare all\u2019eleganza.<\/p>\n<\/div><\/div>\n\n\n\n<h2 class=\"wp-block-heading\">A contatto con la natura<\/h2>\n\n\n\n<p>Il comfort del <strong>Topper Virtuoso<\/strong>, interamente in lana Cheviot cardata, un morbido abbraccio naturale e rigenerante, che accoglie il corpo e accompagna il respiro della notte. La sua struttura nobile unisce sostegno e leggerezza, offrendo una distensione profonda e autentica, come solo la materia naturale sa donare. Non un semplice topper, ma il tocco finale che eleva il sistema letto Retr\u00f2 a un\u2019esperienza di riposo armonico e senza tempo.<\/p>\n\n\n\n<div class=\"wp-block-media-text has-media-on-the-right is-stacked-on-mobile\"><div class=\"wp-block-media-text__content\">\n<p>Lo strato di naturalezza ti accoglie e ti accompagna, seguendo le tue forme e seguendo il tuo riposo, con tutti i benefici che i filati e imbottiture naturali possono darti con le loro propriet\u00e0, mettendoti al riparo da materiali sintetici e poliuretani.<\/p>\n<\/div><figure class=\"wp-block-media-text__media\"><img loading=\"lazy\" decoding=\"async\" width=\"750\" height=\"739\" src=\"https:\/\/www.gabriellibedding.com\/wp-content\/uploads\/2025\/08\/natural-retro-sezione-lana.jpg\" alt=\"interno di Natural retr\u00f2\" class=\"wp-image-963 size-full\" srcset=\"https:\/\/www.gabriellibedding.com\/wp-content\/uploads\/2025\/08\/natural-retro-sezione-lana.jpg 750w, https:\/\/www.gabriellibedding.com\/wp-content\/uploads\/2025\/08\/natural-retro-sezione-lana-300x296.jpg 300w\" sizes=\"auto, (max-width: 750px) 100vw, 750px\" \/><\/figure><\/div>\n\n\n\n<ul class=\"wp-block-list\">\n<li><strong>Struttura portante<\/strong>: base a molle insacchettate indipendenti per supporto differenziato, imbottitura in fibre cave anallergiche, che conservano aria nelle loro minuscole cavit\u00e0, favorendo la termoregolazione, perch\u00e9 il controllo termico deve partire dalla base, non interessa solo la superficie del sistema riposo.<\/li>\n\n\n\n<li><strong>Superficie di contatto<\/strong>: Topper Virtuoso, cotone damascato doppio ritorto, imbottitura in <strong>lana inglese Cheviot<\/strong>.<\/li>\n\n\n\n<li><strong>Support Zone<\/strong>: il grado di portanza della base \u00e8 media <strong>5\/10<\/strong> oppure rigida <strong>7\/10<\/strong> (a scelta). <\/li>\n\n\n\n<li><strong>Comfort zone<\/strong>: <strong>Upper Comfort Zone Scale 5<\/strong> con rilascio graduale della pressione.<\/li>\n\n\n\n<li><strong>Traspirazione<\/strong>: elevata, grazie all\u2019abbinamento molle + fibre naturali.<\/li>\n\n\n\n<li><strong>Finiture<\/strong>: lavorazioni sartoriali e bordature perimetrali a mano. Il rivestimento \u00e8 scelta, rigato o tinta unita.<\/li>\n<\/ul>\n\n\n\n<h3 class=\"wp-block-heading\">Il rivestimento in cotone doppio ritorto, l&#8217;ultimo tocco<\/h3>\n\n\n\n<p>Rivestito in puro cotone doppio ritorto, disponibile in diversi disegni e colori, il Topper Virtuoso \u00e8 pensato per durare nel tempo. La scelta del tessuto consente una manutenzione e pulizia, con lavaggio professionale, garantendo bellezza e integrit\u00e0 che si rinnovano, rendendolo un compagno di riposo destinato a rimanere immutabile.<\/p>\n\n\n\n<figure class=\"wp-block-image size-full\"><img loading=\"lazy\" decoding=\"async\" width=\"1000\" height=\"489\" src=\"https:\/\/www.gabriellibedding.com\/wp-content\/uploads\/2025\/08\/naturale-retro-modello-lana.jpg\" alt=\"Rivestimento Londra a righe bianche e grigie\" class=\"wp-image-964\" srcset=\"https:\/\/www.gabriellibedding.com\/wp-content\/uploads\/2025\/08\/naturale-retro-modello-lana.jpg 1000w, https:\/\/www.gabriellibedding.com\/wp-content\/uploads\/2025\/08\/naturale-retro-modello-lana-300x147.jpg 300w, https:\/\/www.gabriellibedding.com\/wp-content\/uploads\/2025\/08\/naturale-retro-modello-lana-768x376.jpg 768w\" sizes=\"auto, (max-width: 1000px) 100vw, 1000px\" \/><\/figure>\n<\/div><\/div>\n\n\n\n<p><\/p>\n","protected":false},"excerpt":{"rendered":"<p>Ritrova il contatto con la natura per un riposo naturale e rigenerante. Natural Retr\u00f2 \u00e8 da dove tutto \u00e8 cominciato,<\/p>\n<p><a href=\"https:\/\/www.gabriellibedding.com\/index.php\/natural-retro\/\" class=\"more-link\">Continue reading<span class=\"screen-reader-text\">Natural Retr\u00f2<\/span><\/a><\/p>\n","protected":false},"author":1,"featured_media":0,"parent":0,"menu_order":0,"comment_status":"closed","ping_status":"closed","template":"","meta":{"footnotes":""},"class_list":["post-948","page","type-page","status-publish","hentry"],"yoast_head":"<!-- This site is optimized with the Yoast SEO plugin v25.4 - https:\/\/yoast.com\/wordpress\/plugins\/seo\/ -->\n<title>Natural Retr\u00f2 - gabrielli bedding<\/title>\n<meta name=\"description\" content=\"Natural Retr\u00f2 \u00e8 il materasso del ritorno alle origini con la tecnologia delle molle insacchettate indipendenti\" \/>\n<meta name=\"robots\" content=\"index, follow, max-snippet:-1, max-image-preview:large, max-video-preview:-1\" \/>\n<link rel=\"canonical\" href=\"https:\/\/www.gabriellibedding.com\/index.php\/natural-retro\/\" \/>\n<meta property=\"og:locale\" content=\"it_IT\" \/>\n<meta property=\"og:type\" content=\"article\" \/>\n<meta property=\"og:title\" content=\"Natural Retr\u00f2 - gabrielli bedding\" \/>\n<meta property=\"og:description\" content=\"Natural Retr\u00f2 \u00e8 il materasso del ritorno alle origini con la tecnologia delle molle insacchettate indipendenti\" \/>\n<meta property=\"og:url\" content=\"https:\/\/www.gabriellibedding.com\/index.php\/natural-retro\/\" \/>\n<meta property=\"og:site_name\" content=\"gabrielli bedding\" \/>\n<meta property=\"article:modified_time\" content=\"2025-08-22T14:50:03+00:00\" \/>\n<meta property=\"og:image\" content=\"https:\/\/www.gabriellibedding.com\/wp-content\/uploads\/2025\/08\/naturale-retro-grey-banner.jpg\" \/>\n\t<meta property=\"og:image:width\" content=\"662\" \/>\n\t<meta property=\"og:image:height\" content=\"317\" \/>\n\t<meta property=\"og:image:type\" content=\"image\/jpeg\" \/>\n<meta name=\"twitter:card\" content=\"summary_large_image\" \/>\n<meta name=\"twitter:label1\" content=\"Tempo di lettura stimato\" \/>\n\t<meta name=\"twitter:data1\" content=\"3 minuti\" \/>\n<script type=\"application\/ld+json\" class=\"yoast-schema-graph\">{\"@context\":\"https:\/\/schema.org\",\"@graph\":[{\"@type\":\"WebPage\",\"@id\":\"https:\/\/www.gabriellibedding.com\/index.php\/natural-retro\/\",\"url\":\"https:\/\/www.gabriellibedding.com\/index.php\/natural-retro\/\",\"name\":\"Natural Retr\u00f2 - gabrielli bedding\",\"isPartOf\":{\"@id\":\"https:\/\/www.gabriellibedding.com\/#website\"},\"primaryImageOfPage\":{\"@id\":\"https:\/\/www.gabriellibedding.com\/index.php\/natural-retro\/#primaryimage\"},\"image\":{\"@id\":\"https:\/\/www.gabriellibedding.com\/index.php\/natural-retro\/#primaryimage\"},\"thumbnailUrl\":\"https:\/\/www.gabriellibedding.com\/wp-content\/uploads\/2025\/08\/naturale-retro-grey-banner.jpg\",\"datePublished\":\"2025-08-21T14:15:53+00:00\",\"dateModified\":\"2025-08-22T14:50:03+00:00\",\"description\":\"Natural Retr\u00f2 \u00e8 il materasso del ritorno alle origini con la tecnologia delle molle insacchettate indipendenti\",\"breadcrumb\":{\"@id\":\"https:\/\/www.gabriellibedding.com\/index.php\/natural-retro\/#breadcrumb\"},\"inLanguage\":\"it-IT\",\"potentialAction\":[{\"@type\":\"ReadAction\",\"target\":[\"https:\/\/www.gabriellibedding.com\/index.php\/natural-retro\/\"]}]},{\"@type\":\"ImageObject\",\"inLanguage\":\"it-IT\",\"@id\":\"https:\/\/www.gabriellibedding.com\/index.php\/natural-retro\/#primaryimage\",\"url\":\"https:\/\/www.gabriellibedding.com\/wp-content\/uploads\/2025\/08\/naturale-retro-grey-banner.jpg\",\"contentUrl\":\"https:\/\/www.gabriellibedding.com\/wp-content\/uploads\/2025\/08\/naturale-retro-grey-banner.jpg\",\"width\":662,\"height\":317,\"caption\":\"Naturale Retr\u00f2 lana\"},{\"@type\":\"BreadcrumbList\",\"@id\":\"https:\/\/www.gabriellibedding.com\/index.php\/natural-retro\/#breadcrumb\",\"itemListElement\":[{\"@type\":\"ListItem\",\"position\":1,\"name\":\"Home\",\"item\":\"https:\/\/www.gabriellibedding.com\/\"},{\"@type\":\"ListItem\",\"position\":2,\"name\":\"Natural Retr\u00f2\"}]},{\"@type\":\"WebSite\",\"@id\":\"https:\/\/www.gabriellibedding.com\/#website\",\"url\":\"https:\/\/www.gabriellibedding.com\/\",\"name\":\"gabrielli bedding\",\"description\":\"artigianato del materasso\",\"publisher\":{\"@id\":\"https:\/\/www.gabriellibedding.com\/#organization\"},\"potentialAction\":[{\"@type\":\"SearchAction\",\"target\":{\"@type\":\"EntryPoint\",\"urlTemplate\":\"https:\/\/www.gabriellibedding.com\/?s={search_term_string}\"},\"query-input\":{\"@type\":\"PropertyValueSpecification\",\"valueRequired\":true,\"valueName\":\"search_term_string\"}}],\"inLanguage\":\"it-IT\"},{\"@type\":\"Organization\",\"@id\":\"https:\/\/www.gabriellibedding.com\/#organization\",\"name\":\"gabrielli bedding\",\"url\":\"https:\/\/www.gabriellibedding.com\/\",\"logo\":{\"@type\":\"ImageObject\",\"inLanguage\":\"it-IT\",\"@id\":\"https:\/\/www.gabriellibedding.com\/#\/schema\/logo\/image\/\",\"url\":\"https:\/\/www.gabriellibedding.com\/wp-content\/uploads\/2024\/07\/cropped-gabrielli-logo-small-black.jpg\",\"contentUrl\":\"https:\/\/www.gabriellibedding.com\/wp-content\/uploads\/2024\/07\/cropped-gabrielli-logo-small-black.jpg\",\"width\":261,\"height\":153,\"caption\":\"gabrielli bedding\"},\"image\":{\"@id\":\"https:\/\/www.gabriellibedding.com\/#\/schema\/logo\/image\/\"}}]}<\/script>\n<!-- \/ Yoast SEO plugin. -->","yoast_head_json":{"title":"Natural Retr\u00f2 - gabrielli bedding","description":"Natural Retr\u00f2 \u00e8 il materasso del ritorno alle origini con la tecnologia delle molle insacchettate indipendenti","robots":{"index":"index","follow":"follow","max-snippet":"max-snippet:-1","max-image-preview":"max-image-preview:large","max-video-preview":"max-video-preview:-1"},"canonical":"https:\/\/www.gabriellibedding.com\/index.php\/natural-retro\/","og_locale":"it_IT","og_type":"article","og_title":"Natural Retr\u00f2 - gabrielli bedding","og_description":"Natural Retr\u00f2 \u00e8 il materasso del ritorno alle origini con la tecnologia delle molle insacchettate indipendenti","og_url":"https:\/\/www.gabriellibedding.com\/index.php\/natural-retro\/","og_site_name":"gabrielli bedding","article_modified_time":"2025-08-22T14:50:03+00:00","og_image":[{"width":662,"height":317,"url":"https:\/\/www.gabriellibedding.com\/wp-content\/uploads\/2025\/08\/naturale-retro-grey-banner.jpg","type":"image\/jpeg"}],"twitter_card":"summary_large_image","twitter_misc":{"Tempo di lettura stimato":"3 minuti"},"schema":{"@context":"https:\/\/schema.org","@graph":[{"@type":"WebPage","@id":"https:\/\/www.gabriellibedding.com\/index.php\/natural-retro\/","url":"https:\/\/www.gabriellibedding.com\/index.php\/natural-retro\/","name":"Natural Retr\u00f2 - gabrielli bedding","isPartOf":{"@id":"https:\/\/www.gabriellibedding.com\/#website"},"primaryImageOfPage":{"@id":"https:\/\/www.gabriellibedding.com\/index.php\/natural-retro\/#primaryimage"},"image":{"@id":"https:\/\/www.gabriellibedding.com\/index.php\/natural-retro\/#primaryimage"},"thumbnailUrl":"https:\/\/www.gabriellibedding.com\/wp-content\/uploads\/2025\/08\/naturale-retro-grey-banner.jpg","datePublished":"2025-08-21T14:15:53+00:00","dateModified":"2025-08-22T14:50:03+00:00","description":"Natural Retr\u00f2 \u00e8 il materasso del ritorno alle origini con la tecnologia delle molle insacchettate indipendenti","breadcrumb":{"@id":"https:\/\/www.gabriellibedding.com\/index.php\/natural-retro\/#breadcrumb"},"inLanguage":"it-IT","potentialAction":[{"@type":"ReadAction","target":["https:\/\/www.gabriellibedding.com\/index.php\/natural-retro\/"]}]},{"@type":"ImageObject","inLanguage":"it-IT","@id":"https:\/\/www.gabriellibedding.com\/index.php\/natural-retro\/#primaryimage","url":"https:\/\/www.gabriellibedding.com\/wp-content\/uploads\/2025\/08\/naturale-retro-grey-banner.jpg","contentUrl":"https:\/\/www.gabriellibedding.com\/wp-content\/uploads\/2025\/08\/naturale-retro-grey-banner.jpg","width":662,"height":317,"caption":"Naturale Retr\u00f2 lana"},{"@type":"BreadcrumbList","@id":"https:\/\/www.gabriellibedding.com\/index.php\/natural-retro\/#breadcrumb","itemListElement":[{"@type":"ListItem","position":1,"name":"Home","item":"https:\/\/www.gabriellibedding.com\/"},{"@type":"ListItem","position":2,"name":"Natural Retr\u00f2"}]},{"@type":"WebSite","@id":"https:\/\/www.gabriellibedding.com\/#website","url":"https:\/\/www.gabriellibedding.com\/","name":"gabrielli bedding","description":"artigianato del materasso","publisher":{"@id":"https:\/\/www.gabriellibedding.com\/#organization"},"potentialAction":[{"@type":"SearchAction","target":{"@type":"EntryPoint","urlTemplate":"https:\/\/www.gabriellibedding.com\/?s={search_term_string}"},"query-input":{"@type":"PropertyValueSpecification","valueRequired":true,"valueName":"search_term_string"}}],"inLanguage":"it-IT"},{"@type":"Organization","@id":"https:\/\/www.gabriellibedding.com\/#organization","name":"gabrielli bedding","url":"https:\/\/www.gabriellibedding.com\/","logo":{"@type":"ImageObject","inLanguage":"it-IT","@id":"https:\/\/www.gabriellibedding.com\/#\/schema\/logo\/image\/","url":"https:\/\/www.gabriellibedding.com\/wp-content\/uploads\/2024\/07\/cropped-gabrielli-logo-small-black.jpg","contentUrl":"https:\/\/www.gabriellibedding.com\/wp-content\/uploads\/2024\/07\/cropped-gabrielli-logo-small-black.jpg","width":261,"height":153,"caption":"gabrielli bedding"},"image":{"@id":"https:\/\/www.gabriellibedding.com\/#\/schema\/logo\/image\/"}}]}},"_links":{"self":[{"href":"https:\/\/www.gabriellibedding.com\/index.php\/wp-json\/wp\/v2\/pages\/948","targetHints":{"allow":["GET"]}}],"collection":[{"href":"https:\/\/www.gabriellibedding.com\/index.php\/wp-json\/wp\/v2\/pages"}],"about":[{"href":"https:\/\/www.gabriellibedding.com\/index.php\/wp-json\/wp\/v2\/types\/page"}],"author":[{"embeddable":true,"href":"https:\/\/www.gabriellibedding.com\/index.php\/wp-json\/wp\/v2\/users\/1"}],"replies":[{"embeddable":true,"href":"https:\/\/www.gabriellibedding.com\/index.php\/wp-json\/wp\/v2\/comments?post=948"}],"version-history":[{"count":3,"href":"https:\/\/www.gabriellibedding.com\/index.php\/wp-json\/wp\/v2\/pages\/948\/revisions"}],"predecessor-version":[{"id":981,"href":"https:\/\/www.gabriellibedding.com\/index.php\/wp-json\/wp\/v2\/pages\/948\/revisions\/981"}],"wp:attachment":[{"href":"https:\/\/www.gabriellibedding.com\/index.php\/wp-json\/wp\/v2\/media?parent=948"}],"curies":[{"name":"wp","href":"https:\/\/api.w.org\/{rel}","templated":true}]}}