{"id":856,"date":"2025-08-17T19:03:32","date_gmt":"2025-08-17T17:03:32","guid":{"rendered":"https:\/\/www.gabriellibedding.com\/?page_id=856"},"modified":"2025-08-21T00:59:09","modified_gmt":"2025-08-20T22:59:09","slug":"king-nuvola-2","status":"publish","type":"page","link":"https:\/\/www.gabriellibedding.com\/index.php\/king-nuvola-2\/","title":{"rendered":"King Nuvola"},"content":{"rendered":"\n<figure class=\"wp-block-image size-full\"><img loading=\"lazy\" decoding=\"async\" width=\"1025\" height=\"469\" src=\"https:\/\/www.gabriellibedding.com\/wp-content\/uploads\/2025\/08\/king-nuvola-banner.jpg\" alt=\"\" class=\"wp-image-907\" srcset=\"https:\/\/www.gabriellibedding.com\/wp-content\/uploads\/2025\/08\/king-nuvola-banner.jpg 1025w, https:\/\/www.gabriellibedding.com\/wp-content\/uploads\/2025\/08\/king-nuvola-banner-300x137.jpg 300w, https:\/\/www.gabriellibedding.com\/wp-content\/uploads\/2025\/08\/king-nuvola-banner-768x351.jpg 768w\" sizes=\"auto, (max-width: 1025px) 100vw, 1025px\" \/><\/figure>\n\n\n\n<p>Un materasso che unisce struttura e leggerezza.<br>La base, alta 31 cm, \u00e8 composta da un doppio sistema di molleggio in carbonio: lo strato portante a molle insacchettate garantisce stabilit\u00e0 e durata, mentre le micromolle aggiungono elasticit\u00e0 e precisione nell\u2019accoglienza. A completare, un cuscinetto di microcoil da 2 cm che amplifica la sensazione di comfort.<br>Sulla superficie, il topper di 6 cm naturale <em>Crinelle<\/em>: lana cardata e crine di cavallo, imbottiture elastiche, fresche e resistenti, avvolte da un rivestimento damascato in puro cotone ritorto.<br>Disponibile in due portanze, <strong>media<\/strong> e <strong>firm<\/strong>, per un sostegno calibrato.<br><strong>Upper Comfort Zone: 5<\/strong><\/p>\n\n\n\n<h3 class=\"wp-block-heading\"><strong>King Nuvola, avvolgenza ed equilibrio<\/strong><\/h3>\n\n\n\n<div class=\"wp-block-media-text is-stacked-on-mobile\"><figure class=\"wp-block-media-text__media\"><img loading=\"lazy\" decoding=\"async\" width=\"1024\" height=\"947\" src=\"https:\/\/www.gabriellibedding.com\/wp-content\/uploads\/2025\/08\/king-nuvola-intero-1024x947.jpg\" alt=\"King Nuvola Gabrielli con topper\" class=\"wp-image-904 size-full\" srcset=\"https:\/\/www.gabriellibedding.com\/wp-content\/uploads\/2025\/08\/king-nuvola-intero-1024x947.jpg 1024w, https:\/\/www.gabriellibedding.com\/wp-content\/uploads\/2025\/08\/king-nuvola-intero-300x277.jpg 300w, https:\/\/www.gabriellibedding.com\/wp-content\/uploads\/2025\/08\/king-nuvola-intero-768x710.jpg 768w, https:\/\/www.gabriellibedding.com\/wp-content\/uploads\/2025\/08\/king-nuvola-intero.jpg 1398w\" sizes=\"auto, (max-width: 1024px) 100vw, 1024px\" \/><\/figure><div class=\"wp-block-media-text__content\">\n<p>King Nuvola Topper Unisce il comfort della molla insacchettate a zone di portanza alle micro-coil, quindi due strati molle in carbonio per sostenere accogliendo, adattandosi. A completare il progetto, il topper, come un&#8217;abbraccio, naturale e confortevole. <\/p>\n<\/div><\/div>\n\n\n\n<div class=\"wp-block-media-text has-media-on-the-right is-stacked-on-mobile\" style=\"grid-template-columns:auto 43%\"><div class=\"wp-block-media-text__content\">\n<p><strong>Altezza:<\/strong> 31 cm (senza topper) + topper 6 cm<br><strong>Struttura portante: <\/strong>molle insacchettate indipendenti, circa 2000 molle nel matrimoniale<br><strong>Strato comfort: <\/strong>micromolle + cuscinetto microcoil h 2 cm<br><strong>Topper: <\/strong>h 6 cm, imbottitura mista lana cardata e crine di cavallo (come Crinelle)<br><strong>Rivestimento: <\/strong>100% cotone damascato, doppio ritorto<br><strong>Grado di portanza:<\/strong> Medium 5 o Firm 7<br><strong>Upper Comfort Zone: <\/strong>5, livello massimo<\/p>\n<\/div><figure class=\"wp-block-media-text__media\"><img loading=\"lazy\" decoding=\"async\" width=\"879\" height=\"1024\" src=\"https:\/\/www.gabriellibedding.com\/wp-content\/uploads\/2025\/08\/king-nuvola-con-topper-crine-dettaglio-879x1024.jpg\" alt=\"King Nuvola con topper dettaglio\" class=\"wp-image-903 size-full\" srcset=\"https:\/\/www.gabriellibedding.com\/wp-content\/uploads\/2025\/08\/king-nuvola-con-topper-crine-dettaglio-879x1024.jpg 879w, https:\/\/www.gabriellibedding.com\/wp-content\/uploads\/2025\/08\/king-nuvola-con-topper-crine-dettaglio-258x300.jpg 258w, https:\/\/www.gabriellibedding.com\/wp-content\/uploads\/2025\/08\/king-nuvola-con-topper-crine-dettaglio-768x894.jpg 768w, https:\/\/www.gabriellibedding.com\/wp-content\/uploads\/2025\/08\/king-nuvola-con-topper-crine-dettaglio-1319x1536.jpg 1319w, https:\/\/www.gabriellibedding.com\/wp-content\/uploads\/2025\/08\/king-nuvola-con-topper-crine-dettaglio.jpg 1398w\" sizes=\"auto, (max-width: 879px) 100vw, 879px\" \/><\/figure><\/div>\n\n\n\n<div class=\"wp-block-media-text is-stacked-on-mobile\"><figure class=\"wp-block-media-text__media\"><img loading=\"lazy\" decoding=\"async\" width=\"408\" height=\"129\" src=\"https:\/\/www.gabriellibedding.com\/wp-content\/uploads\/2025\/08\/micromolle.jpg\" alt=\"micromolle\" class=\"wp-image-931 size-full\" srcset=\"https:\/\/www.gabriellibedding.com\/wp-content\/uploads\/2025\/08\/micromolle.jpg 408w, https:\/\/www.gabriellibedding.com\/wp-content\/uploads\/2025\/08\/micromolle-300x95.jpg 300w\" sizes=\"auto, (max-width: 408px) 100vw, 408px\" \/><\/figure><div class=\"wp-block-media-text__content\">\n<p>Il cuscinetto di micromolle Micro-coil in carbonio,  aumenta il comfort del materasso a livello superiore, in equilibrio con il topper e il molleggio differenziato Pocket 800<\/p>\n<\/div><\/div>\n\n\n\n<h3 class=\"wp-block-heading\">Materasso luxury con crine di cavallo e lana cheviot<\/h3>\n\n\n\n<p>Un materasso premium, destinato a chi va oltre il conformismo, con la sua altezza di 37 cm \u00e8 imponente e al contempo elegante, l&#8217;eleganza del manufatto artigianale plasmato con le materie prime pi\u00f9 nobili, partendo dall&#8217;alto, il lino, il crine, lana vergine vellutata a falde, lana cheviot cardata e vaporosa, la falda in lana agugliata, micromolle, sopra al cuore a molle indipendenti.<\/p>\n\n\n<div class=\"wp-block-image\">\n<figure class=\"aligncenter size-full is-resized\"><img loading=\"lazy\" decoding=\"async\" width=\"768\" height=\"469\" src=\"https:\/\/www.gabriellibedding.com\/wp-content\/uploads\/2025\/08\/sezione-king-nuvola-con-topper.jpg\" alt=\"\" class=\"wp-image-934\" style=\"width:880px;height:auto\" srcset=\"https:\/\/www.gabriellibedding.com\/wp-content\/uploads\/2025\/08\/sezione-king-nuvola-con-topper.jpg 768w, https:\/\/www.gabriellibedding.com\/wp-content\/uploads\/2025\/08\/sezione-king-nuvola-con-topper-300x183.jpg 300w\" sizes=\"auto, (max-width: 768px) 100vw, 768px\" \/><\/figure>\n<\/div>\n\n\n<h4 class=\"wp-block-heading\">Il contatto<\/h4>\n\n\n\n<p>Il topper 100% naturale. Crine di cavallo e lana inglese cheviot divise da una falda spessa ma leggera di lana vergine, il tutto racchiuso dal rivestimento in cotone doppio ritorto ispezionabile grazie alla zip. Un contatto totalmente naturale, con materiali totalmente riciclabili e riutilizzabili. Il topper pu\u00f2 essere manutenuto con cardatura e lavaggio presso i nostri laboratori anche dopo 20 anni, grazie alle propriet\u00e0 di resistenza nel tempo delle fibre naturali.<\/p>\n\n\n<div class=\"wp-block-image\">\n<figure class=\"aligncenter size-full is-resized\"><img loading=\"lazy\" decoding=\"async\" width=\"960\" height=\"912\" src=\"https:\/\/www.gabriellibedding.com\/wp-content\/uploads\/2025\/08\/topper-crine-lana-sezione-orizzontale.jpg\" alt=\"Crine e lana, rivestimento lino\" class=\"wp-image-833\" style=\"width:687px;height:auto\" srcset=\"https:\/\/www.gabriellibedding.com\/wp-content\/uploads\/2025\/08\/topper-crine-lana-sezione-orizzontale.jpg 960w, https:\/\/www.gabriellibedding.com\/wp-content\/uploads\/2025\/08\/topper-crine-lana-sezione-orizzontale-300x285.jpg 300w, https:\/\/www.gabriellibedding.com\/wp-content\/uploads\/2025\/08\/topper-crine-lana-sezione-orizzontale-768x730.jpg 768w\" sizes=\"auto, (max-width: 960px) 100vw, 960px\" \/><\/figure>\n<\/div>","protected":false},"excerpt":{"rendered":"<p>Un materasso che unisce struttura e leggerezza.La base, alta 31 cm, \u00e8 composta da un doppio sistema di molleggio in<\/p>\n<p><a href=\"https:\/\/www.gabriellibedding.com\/index.php\/king-nuvola-2\/\" class=\"more-link\">Continue reading<span class=\"screen-reader-text\">King Nuvola<\/span><\/a><\/p>\n","protected":false},"author":1,"featured_media":0,"parent":0,"menu_order":0,"comment_status":"closed","ping_status":"closed","template":"","meta":{"footnotes":""},"class_list":["post-856","page","type-page","status-publish","hentry"],"yoast_head":"<!-- This site is optimized with the Yoast SEO plugin v25.4 - https:\/\/yoast.com\/wordpress\/plugins\/seo\/ -->\n<title>King Nuvola - gabrielli bedding<\/title>\n<meta name=\"description\" content=\"Il top di gamma della collezione Mediterranea dei materassi a molle Gabrielli produzione italiana e artigiana\" \/>\n<meta name=\"robots\" content=\"index, follow, max-snippet:-1, max-image-preview:large, max-video-preview:-1\" \/>\n<link rel=\"canonical\" href=\"https:\/\/www.gabriellibedding.com\/index.php\/king-nuvola-2\/\" \/>\n<meta property=\"og:locale\" content=\"it_IT\" \/>\n<meta property=\"og:type\" content=\"article\" \/>\n<meta property=\"og:title\" content=\"King Nuvola - gabrielli bedding\" \/>\n<meta property=\"og:description\" content=\"Il top di gamma della collezione Mediterranea dei materassi a molle Gabrielli produzione italiana e artigiana\" \/>\n<meta property=\"og:url\" content=\"https:\/\/www.gabriellibedding.com\/index.php\/king-nuvola-2\/\" \/>\n<meta property=\"og:site_name\" content=\"gabrielli bedding\" \/>\n<meta property=\"article:modified_time\" content=\"2025-08-20T22:59:09+00:00\" \/>\n<meta property=\"og:image\" content=\"https:\/\/www.gabriellibedding.com\/wp-content\/uploads\/2025\/08\/king-nuvola-banner.jpg\" \/>\n\t<meta property=\"og:image:width\" content=\"1025\" \/>\n\t<meta property=\"og:image:height\" content=\"469\" \/>\n\t<meta property=\"og:image:type\" content=\"image\/jpeg\" \/>\n<meta name=\"twitter:card\" content=\"summary_large_image\" \/>\n<meta name=\"twitter:label1\" content=\"Tempo di lettura stimato\" \/>\n\t<meta name=\"twitter:data1\" content=\"4 minuti\" \/>\n<script type=\"application\/ld+json\" class=\"yoast-schema-graph\">{\"@context\":\"https:\/\/schema.org\",\"@graph\":[{\"@type\":\"WebPage\",\"@id\":\"https:\/\/www.gabriellibedding.com\/index.php\/king-nuvola-2\/\",\"url\":\"https:\/\/www.gabriellibedding.com\/index.php\/king-nuvola-2\/\",\"name\":\"King Nuvola - gabrielli bedding\",\"isPartOf\":{\"@id\":\"https:\/\/www.gabriellibedding.com\/#website\"},\"primaryImageOfPage\":{\"@id\":\"https:\/\/www.gabriellibedding.com\/index.php\/king-nuvola-2\/#primaryimage\"},\"image\":{\"@id\":\"https:\/\/www.gabriellibedding.com\/index.php\/king-nuvola-2\/#primaryimage\"},\"thumbnailUrl\":\"https:\/\/www.gabriellibedding.com\/wp-content\/uploads\/2025\/08\/king-nuvola-banner.jpg\",\"datePublished\":\"2025-08-17T17:03:32+00:00\",\"dateModified\":\"2025-08-20T22:59:09+00:00\",\"description\":\"Il top di gamma della collezione Mediterranea dei materassi a molle Gabrielli produzione italiana e artigiana\",\"breadcrumb\":{\"@id\":\"https:\/\/www.gabriellibedding.com\/index.php\/king-nuvola-2\/#breadcrumb\"},\"inLanguage\":\"it-IT\",\"potentialAction\":[{\"@type\":\"ReadAction\",\"target\":[\"https:\/\/www.gabriellibedding.com\/index.php\/king-nuvola-2\/\"]}]},{\"@type\":\"ImageObject\",\"inLanguage\":\"it-IT\",\"@id\":\"https:\/\/www.gabriellibedding.com\/index.php\/king-nuvola-2\/#primaryimage\",\"url\":\"https:\/\/www.gabriellibedding.com\/wp-content\/uploads\/2025\/08\/king-nuvola-banner.jpg\",\"contentUrl\":\"https:\/\/www.gabriellibedding.com\/wp-content\/uploads\/2025\/08\/king-nuvola-banner.jpg\",\"width\":1025,\"height\":469},{\"@type\":\"BreadcrumbList\",\"@id\":\"https:\/\/www.gabriellibedding.com\/index.php\/king-nuvola-2\/#breadcrumb\",\"itemListElement\":[{\"@type\":\"ListItem\",\"position\":1,\"name\":\"Home\",\"item\":\"https:\/\/www.gabriellibedding.com\/\"},{\"@type\":\"ListItem\",\"position\":2,\"name\":\"King Nuvola\"}]},{\"@type\":\"WebSite\",\"@id\":\"https:\/\/www.gabriellibedding.com\/#website\",\"url\":\"https:\/\/www.gabriellibedding.com\/\",\"name\":\"gabrielli bedding\",\"description\":\"artigianato del materasso\",\"publisher\":{\"@id\":\"https:\/\/www.gabriellibedding.com\/#organization\"},\"potentialAction\":[{\"@type\":\"SearchAction\",\"target\":{\"@type\":\"EntryPoint\",\"urlTemplate\":\"https:\/\/www.gabriellibedding.com\/?s={search_term_string}\"},\"query-input\":{\"@type\":\"PropertyValueSpecification\",\"valueRequired\":true,\"valueName\":\"search_term_string\"}}],\"inLanguage\":\"it-IT\"},{\"@type\":\"Organization\",\"@id\":\"https:\/\/www.gabriellibedding.com\/#organization\",\"name\":\"gabrielli bedding\",\"url\":\"https:\/\/www.gabriellibedding.com\/\",\"logo\":{\"@type\":\"ImageObject\",\"inLanguage\":\"it-IT\",\"@id\":\"https:\/\/www.gabriellibedding.com\/#\/schema\/logo\/image\/\",\"url\":\"https:\/\/www.gabriellibedding.com\/wp-content\/uploads\/2024\/07\/cropped-gabrielli-logo-small-black.jpg\",\"contentUrl\":\"https:\/\/www.gabriellibedding.com\/wp-content\/uploads\/2024\/07\/cropped-gabrielli-logo-small-black.jpg\",\"width\":261,\"height\":153,\"caption\":\"gabrielli bedding\"},\"image\":{\"@id\":\"https:\/\/www.gabriellibedding.com\/#\/schema\/logo\/image\/\"}}]}<\/script>\n<!-- \/ Yoast SEO plugin. -->","yoast_head_json":{"title":"King Nuvola - gabrielli bedding","description":"Il top di gamma della collezione Mediterranea dei materassi a molle Gabrielli produzione italiana e artigiana","robots":{"index":"index","follow":"follow","max-snippet":"max-snippet:-1","max-image-preview":"max-image-preview:large","max-video-preview":"max-video-preview:-1"},"canonical":"https:\/\/www.gabriellibedding.com\/index.php\/king-nuvola-2\/","og_locale":"it_IT","og_type":"article","og_title":"King Nuvola - gabrielli bedding","og_description":"Il top di gamma della collezione Mediterranea dei materassi a molle Gabrielli produzione italiana e artigiana","og_url":"https:\/\/www.gabriellibedding.com\/index.php\/king-nuvola-2\/","og_site_name":"gabrielli bedding","article_modified_time":"2025-08-20T22:59:09+00:00","og_image":[{"width":1025,"height":469,"url":"https:\/\/www.gabriellibedding.com\/wp-content\/uploads\/2025\/08\/king-nuvola-banner.jpg","type":"image\/jpeg"}],"twitter_card":"summary_large_image","twitter_misc":{"Tempo di lettura stimato":"4 minuti"},"schema":{"@context":"https:\/\/schema.org","@graph":[{"@type":"WebPage","@id":"https:\/\/www.gabriellibedding.com\/index.php\/king-nuvola-2\/","url":"https:\/\/www.gabriellibedding.com\/index.php\/king-nuvola-2\/","name":"King Nuvola - gabrielli bedding","isPartOf":{"@id":"https:\/\/www.gabriellibedding.com\/#website"},"primaryImageOfPage":{"@id":"https:\/\/www.gabriellibedding.com\/index.php\/king-nuvola-2\/#primaryimage"},"image":{"@id":"https:\/\/www.gabriellibedding.com\/index.php\/king-nuvola-2\/#primaryimage"},"thumbnailUrl":"https:\/\/www.gabriellibedding.com\/wp-content\/uploads\/2025\/08\/king-nuvola-banner.jpg","datePublished":"2025-08-17T17:03:32+00:00","dateModified":"2025-08-20T22:59:09+00:00","description":"Il top di gamma della collezione Mediterranea dei materassi a molle Gabrielli produzione italiana e artigiana","breadcrumb":{"@id":"https:\/\/www.gabriellibedding.com\/index.php\/king-nuvola-2\/#breadcrumb"},"inLanguage":"it-IT","potentialAction":[{"@type":"ReadAction","target":["https:\/\/www.gabriellibedding.com\/index.php\/king-nuvola-2\/"]}]},{"@type":"ImageObject","inLanguage":"it-IT","@id":"https:\/\/www.gabriellibedding.com\/index.php\/king-nuvola-2\/#primaryimage","url":"https:\/\/www.gabriellibedding.com\/wp-content\/uploads\/2025\/08\/king-nuvola-banner.jpg","contentUrl":"https:\/\/www.gabriellibedding.com\/wp-content\/uploads\/2025\/08\/king-nuvola-banner.jpg","width":1025,"height":469},{"@type":"BreadcrumbList","@id":"https:\/\/www.gabriellibedding.com\/index.php\/king-nuvola-2\/#breadcrumb","itemListElement":[{"@type":"ListItem","position":1,"name":"Home","item":"https:\/\/www.gabriellibedding.com\/"},{"@type":"ListItem","position":2,"name":"King Nuvola"}]},{"@type":"WebSite","@id":"https:\/\/www.gabriellibedding.com\/#website","url":"https:\/\/www.gabriellibedding.com\/","name":"gabrielli bedding","description":"artigianato del materasso","publisher":{"@id":"https:\/\/www.gabriellibedding.com\/#organization"},"potentialAction":[{"@type":"SearchAction","target":{"@type":"EntryPoint","urlTemplate":"https:\/\/www.gabriellibedding.com\/?s={search_term_string}"},"query-input":{"@type":"PropertyValueSpecification","valueRequired":true,"valueName":"search_term_string"}}],"inLanguage":"it-IT"},{"@type":"Organization","@id":"https:\/\/www.gabriellibedding.com\/#organization","name":"gabrielli bedding","url":"https:\/\/www.gabriellibedding.com\/","logo":{"@type":"ImageObject","inLanguage":"it-IT","@id":"https:\/\/www.gabriellibedding.com\/#\/schema\/logo\/image\/","url":"https:\/\/www.gabriellibedding.com\/wp-content\/uploads\/2024\/07\/cropped-gabrielli-logo-small-black.jpg","contentUrl":"https:\/\/www.gabriellibedding.com\/wp-content\/uploads\/2024\/07\/cropped-gabrielli-logo-small-black.jpg","width":261,"height":153,"caption":"gabrielli bedding"},"image":{"@id":"https:\/\/www.gabriellibedding.com\/#\/schema\/logo\/image\/"}}]}},"_links":{"self":[{"href":"https:\/\/www.gabriellibedding.com\/index.php\/wp-json\/wp\/v2\/pages\/856","targetHints":{"allow":["GET"]}}],"collection":[{"href":"https:\/\/www.gabriellibedding.com\/index.php\/wp-json\/wp\/v2\/pages"}],"about":[{"href":"https:\/\/www.gabriellibedding.com\/index.php\/wp-json\/wp\/v2\/types\/page"}],"author":[{"embeddable":true,"href":"https:\/\/www.gabriellibedding.com\/index.php\/wp-json\/wp\/v2\/users\/1"}],"replies":[{"embeddable":true,"href":"https:\/\/www.gabriellibedding.com\/index.php\/wp-json\/wp\/v2\/comments?post=856"}],"version-history":[{"count":7,"href":"https:\/\/www.gabriellibedding.com\/index.php\/wp-json\/wp\/v2\/pages\/856\/revisions"}],"predecessor-version":[{"id":935,"href":"https:\/\/www.gabriellibedding.com\/index.php\/wp-json\/wp\/v2\/pages\/856\/revisions\/935"}],"wp:attachment":[{"href":"https:\/\/www.gabriellibedding.com\/index.php\/wp-json\/wp\/v2\/media?parent=856"}],"curies":[{"name":"wp","href":"https:\/\/api.w.org\/{rel}","templated":true}]}}