{"id":499,"date":"2024-05-05T20:47:02","date_gmt":"2024-05-05T18:47:02","guid":{"rendered":"https:\/\/www.gabriellibedding.com\/?page_id=499"},"modified":"2024-09-19T20:03:50","modified_gmt":"2024-09-19T18:03:50","slug":"rivenditori","status":"publish","type":"page","link":"https:\/\/www.gabriellibedding.com\/index.php\/rivenditori\/","title":{"rendered":"Rivenditori"},"content":{"rendered":"\n<p>Gabrielli Bedding sta riorganizzando la distribuzione in Italia, sar\u00e0 meno capillare ma pi\u00f9 qualificata, la lista di rivenditori \u00e8 quindi in fase di aggiornamento e completamento, ci scusiamo per il disagio e ti invitiamo a contattarci per info in tempo reale.<\/p>\n\n\n\n<p>Contattaci per conoscere il rivenditore della tua zona.<\/p>\n","protected":false},"excerpt":{"rendered":"<p>Gabrielli Bedding sta riorganizzando la distribuzione in Italia, sar\u00e0 meno capillare ma pi\u00f9 qualificata, la lista di rivenditori \u00e8 quindi<\/p>\n<p><a href=\"https:\/\/www.gabriellibedding.com\/index.php\/rivenditori\/\" class=\"more-link\">Continue reading<span class=\"screen-reader-text\">Rivenditori<\/span><\/a><\/p>\n","protected":false},"author":1,"featured_media":0,"parent":0,"menu_order":0,"comment_status":"closed","ping_status":"closed","template":"","meta":{"footnotes":""},"class_list":["post-499","page","type-page","status-publish","hentry"],"yoast_head":"<!-- This site is optimized with the Yoast SEO plugin v25.4 - https:\/\/yoast.com\/wordpress\/plugins\/seo\/ -->\n<title>Rivenditori - gabrielli bedding<\/title>\n<meta name=\"robots\" content=\"index, follow, max-snippet:-1, max-image-preview:large, max-video-preview:-1\" \/>\n<link rel=\"canonical\" href=\"https:\/\/www.gabriellibedding.com\/index.php\/rivenditori\/\" \/>\n<meta property=\"og:locale\" content=\"it_IT\" \/>\n<meta property=\"og:type\" content=\"article\" \/>\n<meta property=\"og:title\" content=\"Rivenditori - gabrielli bedding\" \/>\n<meta property=\"og:description\" content=\"Gabrielli Bedding sta riorganizzando la distribuzione in Italia, sar\u00e0 meno capillare ma pi\u00f9 qualificata, la lista di rivenditori \u00e8 quindiContinue readingRivenditori\" \/>\n<meta property=\"og:url\" content=\"https:\/\/www.gabriellibedding.com\/index.php\/rivenditori\/\" \/>\n<meta property=\"og:site_name\" content=\"gabrielli bedding\" \/>\n<meta property=\"article:modified_time\" content=\"2024-09-19T18:03:50+00:00\" \/>\n<meta name=\"twitter:card\" content=\"summary_large_image\" \/>\n<script type=\"application\/ld+json\" class=\"yoast-schema-graph\">{\"@context\":\"https:\/\/schema.org\",\"@graph\":[{\"@type\":\"WebPage\",\"@id\":\"https:\/\/www.gabriellibedding.com\/index.php\/rivenditori\/\",\"url\":\"https:\/\/www.gabriellibedding.com\/index.php\/rivenditori\/\",\"name\":\"Rivenditori - gabrielli bedding\",\"isPartOf\":{\"@id\":\"https:\/\/www.gabriellibedding.com\/#website\"},\"datePublished\":\"2024-05-05T18:47:02+00:00\",\"dateModified\":\"2024-09-19T18:03:50+00:00\",\"breadcrumb\":{\"@id\":\"https:\/\/www.gabriellibedding.com\/index.php\/rivenditori\/#breadcrumb\"},\"inLanguage\":\"it-IT\",\"potentialAction\":[{\"@type\":\"ReadAction\",\"target\":[\"https:\/\/www.gabriellibedding.com\/index.php\/rivenditori\/\"]}]},{\"@type\":\"BreadcrumbList\",\"@id\":\"https:\/\/www.gabriellibedding.com\/index.php\/rivenditori\/#breadcrumb\",\"itemListElement\":[{\"@type\":\"ListItem\",\"position\":1,\"name\":\"Home\",\"item\":\"https:\/\/www.gabriellibedding.com\/\"},{\"@type\":\"ListItem\",\"position\":2,\"name\":\"Rivenditori\"}]},{\"@type\":\"WebSite\",\"@id\":\"https:\/\/www.gabriellibedding.com\/#website\",\"url\":\"https:\/\/www.gabriellibedding.com\/\",\"name\":\"gabrielli bedding\",\"description\":\"artigianato del materasso\",\"publisher\":{\"@id\":\"https:\/\/www.gabriellibedding.com\/#organization\"},\"potentialAction\":[{\"@type\":\"SearchAction\",\"target\":{\"@type\":\"EntryPoint\",\"urlTemplate\":\"https:\/\/www.gabriellibedding.com\/?s={search_term_string}\"},\"query-input\":{\"@type\":\"PropertyValueSpecification\",\"valueRequired\":true,\"valueName\":\"search_term_string\"}}],\"inLanguage\":\"it-IT\"},{\"@type\":\"Organization\",\"@id\":\"https:\/\/www.gabriellibedding.com\/#organization\",\"name\":\"gabrielli bedding\",\"url\":\"https:\/\/www.gabriellibedding.com\/\",\"logo\":{\"@type\":\"ImageObject\",\"inLanguage\":\"it-IT\",\"@id\":\"https:\/\/www.gabriellibedding.com\/#\/schema\/logo\/image\/\",\"url\":\"https:\/\/www.gabriellibedding.com\/wp-content\/uploads\/2024\/07\/cropped-gabrielli-logo-small-black.jpg\",\"contentUrl\":\"https:\/\/www.gabriellibedding.com\/wp-content\/uploads\/2024\/07\/cropped-gabrielli-logo-small-black.jpg\",\"width\":261,\"height\":153,\"caption\":\"gabrielli bedding\"},\"image\":{\"@id\":\"https:\/\/www.gabriellibedding.com\/#\/schema\/logo\/image\/\"}}]}<\/script>\n<!-- \/ Yoast SEO plugin. -->","yoast_head_json":{"title":"Rivenditori - gabrielli bedding","robots":{"index":"index","follow":"follow","max-snippet":"max-snippet:-1","max-image-preview":"max-image-preview:large","max-video-preview":"max-video-preview:-1"},"canonical":"https:\/\/www.gabriellibedding.com\/index.php\/rivenditori\/","og_locale":"it_IT","og_type":"article","og_title":"Rivenditori - gabrielli bedding","og_description":"Gabrielli Bedding sta riorganizzando la distribuzione in Italia, sar\u00e0 meno capillare ma pi\u00f9 qualificata, la lista di rivenditori \u00e8 quindiContinue readingRivenditori","og_url":"https:\/\/www.gabriellibedding.com\/index.php\/rivenditori\/","og_site_name":"gabrielli bedding","article_modified_time":"2024-09-19T18:03:50+00:00","twitter_card":"summary_large_image","schema":{"@context":"https:\/\/schema.org","@graph":[{"@type":"WebPage","@id":"https:\/\/www.gabriellibedding.com\/index.php\/rivenditori\/","url":"https:\/\/www.gabriellibedding.com\/index.php\/rivenditori\/","name":"Rivenditori - gabrielli bedding","isPartOf":{"@id":"https:\/\/www.gabriellibedding.com\/#website"},"datePublished":"2024-05-05T18:47:02+00:00","dateModified":"2024-09-19T18:03:50+00:00","breadcrumb":{"@id":"https:\/\/www.gabriellibedding.com\/index.php\/rivenditori\/#breadcrumb"},"inLanguage":"it-IT","potentialAction":[{"@type":"ReadAction","target":["https:\/\/www.gabriellibedding.com\/index.php\/rivenditori\/"]}]},{"@type":"BreadcrumbList","@id":"https:\/\/www.gabriellibedding.com\/index.php\/rivenditori\/#breadcrumb","itemListElement":[{"@type":"ListItem","position":1,"name":"Home","item":"https:\/\/www.gabriellibedding.com\/"},{"@type":"ListItem","position":2,"name":"Rivenditori"}]},{"@type":"WebSite","@id":"https:\/\/www.gabriellibedding.com\/#website","url":"https:\/\/www.gabriellibedding.com\/","name":"gabrielli bedding","description":"artigianato del materasso","publisher":{"@id":"https:\/\/www.gabriellibedding.com\/#organization"},"potentialAction":[{"@type":"SearchAction","target":{"@type":"EntryPoint","urlTemplate":"https:\/\/www.gabriellibedding.com\/?s={search_term_string}"},"query-input":{"@type":"PropertyValueSpecification","valueRequired":true,"valueName":"search_term_string"}}],"inLanguage":"it-IT"},{"@type":"Organization","@id":"https:\/\/www.gabriellibedding.com\/#organization","name":"gabrielli bedding","url":"https:\/\/www.gabriellibedding.com\/","logo":{"@type":"ImageObject","inLanguage":"it-IT","@id":"https:\/\/www.gabriellibedding.com\/#\/schema\/logo\/image\/","url":"https:\/\/www.gabriellibedding.com\/wp-content\/uploads\/2024\/07\/cropped-gabrielli-logo-small-black.jpg","contentUrl":"https:\/\/www.gabriellibedding.com\/wp-content\/uploads\/2024\/07\/cropped-gabrielli-logo-small-black.jpg","width":261,"height":153,"caption":"gabrielli bedding"},"image":{"@id":"https:\/\/www.gabriellibedding.com\/#\/schema\/logo\/image\/"}}]}},"_links":{"self":[{"href":"https:\/\/www.gabriellibedding.com\/index.php\/wp-json\/wp\/v2\/pages\/499","targetHints":{"allow":["GET"]}}],"collection":[{"href":"https:\/\/www.gabriellibedding.com\/index.php\/wp-json\/wp\/v2\/pages"}],"about":[{"href":"https:\/\/www.gabriellibedding.com\/index.php\/wp-json\/wp\/v2\/types\/page"}],"author":[{"embeddable":true,"href":"https:\/\/www.gabriellibedding.com\/index.php\/wp-json\/wp\/v2\/users\/1"}],"replies":[{"embeddable":true,"href":"https:\/\/www.gabriellibedding.com\/index.php\/wp-json\/wp\/v2\/comments?post=499"}],"version-history":[{"count":3,"href":"https:\/\/www.gabriellibedding.com\/index.php\/wp-json\/wp\/v2\/pages\/499\/revisions"}],"predecessor-version":[{"id":577,"href":"https:\/\/www.gabriellibedding.com\/index.php\/wp-json\/wp\/v2\/pages\/499\/revisions\/577"}],"wp:attachment":[{"href":"https:\/\/www.gabriellibedding.com\/index.php\/wp-json\/wp\/v2\/media?parent=499"}],"curies":[{"name":"wp","href":"https:\/\/api.w.org\/{rel}","templated":true}]}}