{"id":469,"date":"2023-10-22T20:13:59","date_gmt":"2023-10-22T18:13:59","guid":{"rendered":"https:\/\/www.gabriellibedding.com\/?page_id=469"},"modified":"2025-08-16T17:01:52","modified_gmt":"2025-08-16T15:01:52","slug":"il-piumino-matrimoniale-gabrielli","status":"publish","type":"page","link":"https:\/\/www.gabriellibedding.com\/index.php\/il-piumino-matrimoniale-gabrielli\/","title":{"rendered":"il Piumino d&#8217;Oca vergine"},"content":{"rendered":"\n<p>Il piumino d&#8217;oca vergine \u00e8 la miglior trapunta da letto, perch\u00e9 l&#8217;imbottitura naturale in piumino contribuisce al mantenimento del clima ideale, indispensabile in inverno, forse ancor pi\u00f9 che in estate, infatti quando si \u00e8 coperti pu\u00f2 capitare che si generi quell&#8217;effetto serra fastidioso che disturba il sonno perch\u00e9 ci fa risvegliare.<\/p>\n\n\n\n<figure class=\"wp-block-image size-full\"><img loading=\"lazy\" decoding=\"async\" width=\"1024\" height=\"1024\" src=\"https:\/\/www.gabriellibedding.com\/wp-content\/uploads\/2025\/08\/piumino-gabrielli-min.jpg\" alt=\"piumini Gabrielli\" class=\"wp-image-842\" srcset=\"https:\/\/www.gabriellibedding.com\/wp-content\/uploads\/2025\/08\/piumino-gabrielli-min.jpg 1024w, https:\/\/www.gabriellibedding.com\/wp-content\/uploads\/2025\/08\/piumino-gabrielli-min-300x300.jpg 300w, https:\/\/www.gabriellibedding.com\/wp-content\/uploads\/2025\/08\/piumino-gabrielli-min-150x150.jpg 150w, https:\/\/www.gabriellibedding.com\/wp-content\/uploads\/2025\/08\/piumino-gabrielli-min-768x768.jpg 768w, https:\/\/www.gabriellibedding.com\/wp-content\/uploads\/2025\/08\/piumino-gabrielli-min-666x666.jpg 666w\" sizes=\"auto, (max-width: 1024px) 100vw, 1024px\" \/><\/figure>\n\n\n\n<p>La linea piumini Gabrielli \u00e8 stata realizzata con la volont\u00e0 di realizzare piumini di qualit\u00e0 per soddisfare gli appassionati della piuma d&#8217;oca, selezionando il miglior piumino vergine, per confezionare trapunte leggere con alta capacit\u00e0 coibentante, traspiranti e calde in inverno.<\/p>\n\n\n\n<figure class=\"wp-block-image size-large\"><img loading=\"lazy\" decoding=\"async\" width=\"1024\" height=\"571\" src=\"https:\/\/www.gabriellibedding.com\/wp-content\/uploads\/2023\/10\/piumini-gabrielli-1024x571.jpg\" alt=\"\" class=\"wp-image-470\" srcset=\"https:\/\/www.gabriellibedding.com\/wp-content\/uploads\/2023\/10\/piumini-gabrielli-1024x571.jpg 1024w, https:\/\/www.gabriellibedding.com\/wp-content\/uploads\/2023\/10\/piumini-gabrielli-300x167.jpg 300w, https:\/\/www.gabriellibedding.com\/wp-content\/uploads\/2023\/10\/piumini-gabrielli-768x428.jpg 768w, https:\/\/www.gabriellibedding.com\/wp-content\/uploads\/2023\/10\/piumini-gabrielli.jpg 1111w\" sizes=\"auto, (max-width: 1024px) 100vw, 1024px\" \/><figcaption class=\"wp-element-caption\">Piumino Excellent Deluxe<\/figcaption><\/figure>\n\n\n\n<p><strong>EXCELLENT DELUXE<\/strong><\/p>\n\n\n\n<figure class=\"wp-block-image size-large\"><img loading=\"lazy\" decoding=\"async\" width=\"1024\" height=\"626\" src=\"https:\/\/www.gabriellibedding.com\/wp-content\/uploads\/2023\/10\/piumino-oca-matrimoniale-gabrielli-1024x626.jpg\" alt=\"\" class=\"wp-image-473\" srcset=\"https:\/\/www.gabriellibedding.com\/wp-content\/uploads\/2023\/10\/piumino-oca-matrimoniale-gabrielli-1024x626.jpg 1024w, https:\/\/www.gabriellibedding.com\/wp-content\/uploads\/2023\/10\/piumino-oca-matrimoniale-gabrielli-300x183.jpg 300w, https:\/\/www.gabriellibedding.com\/wp-content\/uploads\/2023\/10\/piumino-oca-matrimoniale-gabrielli-768x470.jpg 768w, https:\/\/www.gabriellibedding.com\/wp-content\/uploads\/2023\/10\/piumino-oca-matrimoniale-gabrielli.jpg 1081w\" sizes=\"auto, (max-width: 1024px) 100vw, 1024px\" \/><\/figure>\n\n\n\n<p><strong>Excellent Deluxe<\/strong>&nbsp; \u00e8 un piumino invernale 4 stelle <strong>fill power cuin 880<\/strong>, una capacit\u00e0 di isolamento importante, con maggior calore, quindi elevato comfort (essendo il piumino leggero nel peso). Un piumino termoregolante in grado di mantenere il calore che il nostro corpo necessita.<\/p>\n\n\n\n<p>Piumino d&#8217;oca vergine siberiana 100%, con imbottitura 175 g\/mq, rivestimento batista 110\/110.<\/p>\n\n\n\n<p>I piumini Gabrielli Bedding rispettano l&#8217;ambiente per la loro ecosostenibilit\u00e0 e naturalezza, realizzati con metodo di raccolta del piumino senza sofferenze per le oche.<\/p>\n\n\n\n<figure class=\"wp-block-image size-full\"><img loading=\"lazy\" decoding=\"async\" width=\"980\" height=\"499\" src=\"https:\/\/www.gabriellibedding.com\/wp-content\/uploads\/2023\/10\/piumino-oca-gabrielli.jpg\" alt=\"\" class=\"wp-image-471\" srcset=\"https:\/\/www.gabriellibedding.com\/wp-content\/uploads\/2023\/10\/piumino-oca-gabrielli.jpg 980w, https:\/\/www.gabriellibedding.com\/wp-content\/uploads\/2023\/10\/piumino-oca-gabrielli-300x153.jpg 300w, https:\/\/www.gabriellibedding.com\/wp-content\/uploads\/2023\/10\/piumino-oca-gabrielli-768x391.jpg 768w\" sizes=\"auto, (max-width: 980px) 100vw, 980px\" \/><figcaption class=\"wp-element-caption\">Piumini d&#8217;oca vergine inverno caldo<\/figcaption><\/figure>\n\n\n\n<h3 class=\"wp-block-heading\">Piumino Comfort matrimoniale Gabrielli<\/h3>\n\n\n\n<p>Particolarmente adatto per chi \u00e8 allergico agli acari, con trattamento naturale antiacaro, resistente ai lavaggi.<\/p>\n\n\n\n<p>La trapunta&nbsp;\u00e8 a quadrati fissi che permettono la distribuzione dei piumini in modo regolare, contribuendo al calore omogeneo. La morbidezza \u00e8 garantita dalla totale assenza del rachide tipico della piuma d&#8217;oca di seconda scelta, che causa anche la fastidiosa fuoriuscita di piume, perch\u00e8 appuntite. Il piumino, invece, \u00e8 morbido e privo di parti rigide<\/p>\n\n\n\n<p>Il peso del piumino 900 gr totali c.a., con un Filling Power 700 cuin, particolarmente indicato per ambianti poco coibentati e\/o inverni rigidi.<\/p>\n\n\n\n<p>Secoda scelta dei piumini top Gabrielli, ma con rivestimento di quait\u00e0 come tutti i piumini Gabrielli, batista sateen in cotone 110 gr\/m2, imbottitura 100% piumino d&#8217;oca vergine bianca siberiana, punti di calore 4 su 5.<\/p>\n\n\n\n<p>Piumino NO ACAR garantisce una barriera alla proliferazione degli acari e batteri.<\/p>\n\n\n\n<p>Trapuntato a quadri 26&#215;26 per non disperdere la piuma.<\/p>\n\n\n\n<p>I piumini Gabrielli Bedding rispettano l&#8217;ambiente per la loro ecosostenibilit\u00e0 e naturalezza, realizzati con metodo di raccolta del piumino senza sofferenze per le oche.<\/p>\n\n\n<div class=\"wp-block-image\">\n<figure class=\"aligncenter size-full is-resized\"><img loading=\"lazy\" decoding=\"async\" width=\"200\" height=\"128\" src=\"https:\/\/www.gabriellibedding.com\/wp-content\/uploads\/2023\/10\/rispetto-animali.jpg\" alt=\"\" class=\"wp-image-474\" style=\"width:309px;height:198px\"\/><\/figure>\n<\/div>","protected":false},"excerpt":{"rendered":"<p>Il piumino d&#8217;oca vergine \u00e8 la miglior trapunta da letto, perch\u00e9 l&#8217;imbottitura naturale in piumino contribuisce al mantenimento del clima<\/p>\n<p><a href=\"https:\/\/www.gabriellibedding.com\/index.php\/il-piumino-matrimoniale-gabrielli\/\" class=\"more-link\">Continue reading<span class=\"screen-reader-text\">il Piumino d&#8217;Oca vergine<\/span><\/a><\/p>\n","protected":false},"author":1,"featured_media":0,"parent":0,"menu_order":0,"comment_status":"closed","ping_status":"closed","template":"","meta":{"footnotes":""},"class_list":["post-469","page","type-page","status-publish","hentry"],"yoast_head":"<!-- This site is optimized with the Yoast SEO plugin v25.4 - https:\/\/yoast.com\/wordpress\/plugins\/seo\/ -->\n<title>il Piumino d&#039;Oca vergine - gabrielli bedding<\/title>\n<meta name=\"description\" content=\"Il piumino Gabrielli garantisce comfort e termoregolazione ideale grazie al piumino d&#039;oca selezionato, una piuma vergine d&#039;eccellenza\" \/>\n<meta name=\"robots\" content=\"index, follow, max-snippet:-1, max-image-preview:large, max-video-preview:-1\" \/>\n<link rel=\"canonical\" href=\"https:\/\/www.gabriellibedding.com\/index.php\/il-piumino-matrimoniale-gabrielli\/\" \/>\n<meta property=\"og:locale\" content=\"it_IT\" \/>\n<meta property=\"og:type\" content=\"article\" \/>\n<meta property=\"og:title\" content=\"il Piumino d&#039;Oca vergine - gabrielli bedding\" \/>\n<meta property=\"og:description\" content=\"Il piumino Gabrielli garantisce comfort e termoregolazione ideale grazie al piumino d&#039;oca selezionato, una piuma vergine d&#039;eccellenza\" \/>\n<meta property=\"og:url\" content=\"https:\/\/www.gabriellibedding.com\/index.php\/il-piumino-matrimoniale-gabrielli\/\" \/>\n<meta property=\"og:site_name\" content=\"gabrielli bedding\" \/>\n<meta property=\"article:modified_time\" content=\"2025-08-16T15:01:52+00:00\" \/>\n<meta property=\"og:image\" content=\"https:\/\/www.gabriellibedding.com\/wp-content\/uploads\/2025\/08\/piumino-gabrielli-min.jpg\" \/>\n\t<meta property=\"og:image:width\" content=\"1024\" \/>\n\t<meta property=\"og:image:height\" content=\"1024\" \/>\n\t<meta property=\"og:image:type\" content=\"image\/jpeg\" \/>\n<meta name=\"twitter:card\" content=\"summary_large_image\" \/>\n<meta name=\"twitter:label1\" content=\"Tempo di lettura stimato\" \/>\n\t<meta name=\"twitter:data1\" content=\"3 minuti\" \/>\n<script type=\"application\/ld+json\" class=\"yoast-schema-graph\">{\"@context\":\"https:\/\/schema.org\",\"@graph\":[{\"@type\":\"WebPage\",\"@id\":\"https:\/\/www.gabriellibedding.com\/index.php\/il-piumino-matrimoniale-gabrielli\/\",\"url\":\"https:\/\/www.gabriellibedding.com\/index.php\/il-piumino-matrimoniale-gabrielli\/\",\"name\":\"il Piumino d'Oca vergine - gabrielli bedding\",\"isPartOf\":{\"@id\":\"https:\/\/www.gabriellibedding.com\/#website\"},\"primaryImageOfPage\":{\"@id\":\"https:\/\/www.gabriellibedding.com\/index.php\/il-piumino-matrimoniale-gabrielli\/#primaryimage\"},\"image\":{\"@id\":\"https:\/\/www.gabriellibedding.com\/index.php\/il-piumino-matrimoniale-gabrielli\/#primaryimage\"},\"thumbnailUrl\":\"https:\/\/www.gabriellibedding.com\/wp-content\/uploads\/2025\/08\/piumino-gabrielli-min.jpg\",\"datePublished\":\"2023-10-22T18:13:59+00:00\",\"dateModified\":\"2025-08-16T15:01:52+00:00\",\"description\":\"Il piumino Gabrielli garantisce comfort e termoregolazione ideale grazie al piumino d'oca selezionato, una piuma vergine d'eccellenza\",\"breadcrumb\":{\"@id\":\"https:\/\/www.gabriellibedding.com\/index.php\/il-piumino-matrimoniale-gabrielli\/#breadcrumb\"},\"inLanguage\":\"it-IT\",\"potentialAction\":[{\"@type\":\"ReadAction\",\"target\":[\"https:\/\/www.gabriellibedding.com\/index.php\/il-piumino-matrimoniale-gabrielli\/\"]}]},{\"@type\":\"ImageObject\",\"inLanguage\":\"it-IT\",\"@id\":\"https:\/\/www.gabriellibedding.com\/index.php\/il-piumino-matrimoniale-gabrielli\/#primaryimage\",\"url\":\"https:\/\/www.gabriellibedding.com\/wp-content\/uploads\/2025\/08\/piumino-gabrielli-min.jpg\",\"contentUrl\":\"https:\/\/www.gabriellibedding.com\/wp-content\/uploads\/2025\/08\/piumino-gabrielli-min.jpg\",\"width\":1024,\"height\":1024,\"caption\":\"piumini Gabrielli\"},{\"@type\":\"BreadcrumbList\",\"@id\":\"https:\/\/www.gabriellibedding.com\/index.php\/il-piumino-matrimoniale-gabrielli\/#breadcrumb\",\"itemListElement\":[{\"@type\":\"ListItem\",\"position\":1,\"name\":\"Home\",\"item\":\"https:\/\/www.gabriellibedding.com\/\"},{\"@type\":\"ListItem\",\"position\":2,\"name\":\"il Piumino d&#8217;Oca vergine\"}]},{\"@type\":\"WebSite\",\"@id\":\"https:\/\/www.gabriellibedding.com\/#website\",\"url\":\"https:\/\/www.gabriellibedding.com\/\",\"name\":\"gabrielli bedding\",\"description\":\"artigianato del materasso\",\"publisher\":{\"@id\":\"https:\/\/www.gabriellibedding.com\/#organization\"},\"potentialAction\":[{\"@type\":\"SearchAction\",\"target\":{\"@type\":\"EntryPoint\",\"urlTemplate\":\"https:\/\/www.gabriellibedding.com\/?s={search_term_string}\"},\"query-input\":{\"@type\":\"PropertyValueSpecification\",\"valueRequired\":true,\"valueName\":\"search_term_string\"}}],\"inLanguage\":\"it-IT\"},{\"@type\":\"Organization\",\"@id\":\"https:\/\/www.gabriellibedding.com\/#organization\",\"name\":\"gabrielli bedding\",\"url\":\"https:\/\/www.gabriellibedding.com\/\",\"logo\":{\"@type\":\"ImageObject\",\"inLanguage\":\"it-IT\",\"@id\":\"https:\/\/www.gabriellibedding.com\/#\/schema\/logo\/image\/\",\"url\":\"https:\/\/www.gabriellibedding.com\/wp-content\/uploads\/2024\/07\/cropped-gabrielli-logo-small-black.jpg\",\"contentUrl\":\"https:\/\/www.gabriellibedding.com\/wp-content\/uploads\/2024\/07\/cropped-gabrielli-logo-small-black.jpg\",\"width\":261,\"height\":153,\"caption\":\"gabrielli bedding\"},\"image\":{\"@id\":\"https:\/\/www.gabriellibedding.com\/#\/schema\/logo\/image\/\"}}]}<\/script>\n<!-- \/ Yoast SEO plugin. -->","yoast_head_json":{"title":"il Piumino d'Oca vergine - gabrielli bedding","description":"Il piumino Gabrielli garantisce comfort e termoregolazione ideale grazie al piumino d'oca selezionato, una piuma vergine d'eccellenza","robots":{"index":"index","follow":"follow","max-snippet":"max-snippet:-1","max-image-preview":"max-image-preview:large","max-video-preview":"max-video-preview:-1"},"canonical":"https:\/\/www.gabriellibedding.com\/index.php\/il-piumino-matrimoniale-gabrielli\/","og_locale":"it_IT","og_type":"article","og_title":"il Piumino d'Oca vergine - gabrielli bedding","og_description":"Il piumino Gabrielli garantisce comfort e termoregolazione ideale grazie al piumino d'oca selezionato, una piuma vergine d'eccellenza","og_url":"https:\/\/www.gabriellibedding.com\/index.php\/il-piumino-matrimoniale-gabrielli\/","og_site_name":"gabrielli bedding","article_modified_time":"2025-08-16T15:01:52+00:00","og_image":[{"width":1024,"height":1024,"url":"https:\/\/www.gabriellibedding.com\/wp-content\/uploads\/2025\/08\/piumino-gabrielli-min.jpg","type":"image\/jpeg"}],"twitter_card":"summary_large_image","twitter_misc":{"Tempo di lettura stimato":"3 minuti"},"schema":{"@context":"https:\/\/schema.org","@graph":[{"@type":"WebPage","@id":"https:\/\/www.gabriellibedding.com\/index.php\/il-piumino-matrimoniale-gabrielli\/","url":"https:\/\/www.gabriellibedding.com\/index.php\/il-piumino-matrimoniale-gabrielli\/","name":"il Piumino d'Oca vergine - gabrielli bedding","isPartOf":{"@id":"https:\/\/www.gabriellibedding.com\/#website"},"primaryImageOfPage":{"@id":"https:\/\/www.gabriellibedding.com\/index.php\/il-piumino-matrimoniale-gabrielli\/#primaryimage"},"image":{"@id":"https:\/\/www.gabriellibedding.com\/index.php\/il-piumino-matrimoniale-gabrielli\/#primaryimage"},"thumbnailUrl":"https:\/\/www.gabriellibedding.com\/wp-content\/uploads\/2025\/08\/piumino-gabrielli-min.jpg","datePublished":"2023-10-22T18:13:59+00:00","dateModified":"2025-08-16T15:01:52+00:00","description":"Il piumino Gabrielli garantisce comfort e termoregolazione ideale grazie al piumino d'oca selezionato, una piuma vergine d'eccellenza","breadcrumb":{"@id":"https:\/\/www.gabriellibedding.com\/index.php\/il-piumino-matrimoniale-gabrielli\/#breadcrumb"},"inLanguage":"it-IT","potentialAction":[{"@type":"ReadAction","target":["https:\/\/www.gabriellibedding.com\/index.php\/il-piumino-matrimoniale-gabrielli\/"]}]},{"@type":"ImageObject","inLanguage":"it-IT","@id":"https:\/\/www.gabriellibedding.com\/index.php\/il-piumino-matrimoniale-gabrielli\/#primaryimage","url":"https:\/\/www.gabriellibedding.com\/wp-content\/uploads\/2025\/08\/piumino-gabrielli-min.jpg","contentUrl":"https:\/\/www.gabriellibedding.com\/wp-content\/uploads\/2025\/08\/piumino-gabrielli-min.jpg","width":1024,"height":1024,"caption":"piumini Gabrielli"},{"@type":"BreadcrumbList","@id":"https:\/\/www.gabriellibedding.com\/index.php\/il-piumino-matrimoniale-gabrielli\/#breadcrumb","itemListElement":[{"@type":"ListItem","position":1,"name":"Home","item":"https:\/\/www.gabriellibedding.com\/"},{"@type":"ListItem","position":2,"name":"il Piumino d&#8217;Oca vergine"}]},{"@type":"WebSite","@id":"https:\/\/www.gabriellibedding.com\/#website","url":"https:\/\/www.gabriellibedding.com\/","name":"gabrielli bedding","description":"artigianato del materasso","publisher":{"@id":"https:\/\/www.gabriellibedding.com\/#organization"},"potentialAction":[{"@type":"SearchAction","target":{"@type":"EntryPoint","urlTemplate":"https:\/\/www.gabriellibedding.com\/?s={search_term_string}"},"query-input":{"@type":"PropertyValueSpecification","valueRequired":true,"valueName":"search_term_string"}}],"inLanguage":"it-IT"},{"@type":"Organization","@id":"https:\/\/www.gabriellibedding.com\/#organization","name":"gabrielli bedding","url":"https:\/\/www.gabriellibedding.com\/","logo":{"@type":"ImageObject","inLanguage":"it-IT","@id":"https:\/\/www.gabriellibedding.com\/#\/schema\/logo\/image\/","url":"https:\/\/www.gabriellibedding.com\/wp-content\/uploads\/2024\/07\/cropped-gabrielli-logo-small-black.jpg","contentUrl":"https:\/\/www.gabriellibedding.com\/wp-content\/uploads\/2024\/07\/cropped-gabrielli-logo-small-black.jpg","width":261,"height":153,"caption":"gabrielli bedding"},"image":{"@id":"https:\/\/www.gabriellibedding.com\/#\/schema\/logo\/image\/"}}]}},"_links":{"self":[{"href":"https:\/\/www.gabriellibedding.com\/index.php\/wp-json\/wp\/v2\/pages\/469","targetHints":{"allow":["GET"]}}],"collection":[{"href":"https:\/\/www.gabriellibedding.com\/index.php\/wp-json\/wp\/v2\/pages"}],"about":[{"href":"https:\/\/www.gabriellibedding.com\/index.php\/wp-json\/wp\/v2\/types\/page"}],"author":[{"embeddable":true,"href":"https:\/\/www.gabriellibedding.com\/index.php\/wp-json\/wp\/v2\/users\/1"}],"replies":[{"embeddable":true,"href":"https:\/\/www.gabriellibedding.com\/index.php\/wp-json\/wp\/v2\/comments?post=469"}],"version-history":[{"count":2,"href":"https:\/\/www.gabriellibedding.com\/index.php\/wp-json\/wp\/v2\/pages\/469\/revisions"}],"predecessor-version":[{"id":843,"href":"https:\/\/www.gabriellibedding.com\/index.php\/wp-json\/wp\/v2\/pages\/469\/revisions\/843"}],"wp:attachment":[{"href":"https:\/\/www.gabriellibedding.com\/index.php\/wp-json\/wp\/v2\/media?parent=469"}],"curies":[{"name":"wp","href":"https:\/\/api.w.org\/{rel}","templated":true}]}}