{"id":337,"date":"2023-09-10T11:18:34","date_gmt":"2023-09-10T09:18:34","guid":{"rendered":"https:\/\/www.gabriellibedding.com\/?page_id=337"},"modified":"2025-08-17T23:35:28","modified_gmt":"2025-08-17T21:35:28","slug":"gabrielli-materassi-firm","status":"publish","type":"page","link":"https:\/\/www.gabriellibedding.com\/index.php\/gabrielli-materassi-firm\/","title":{"rendered":"Comfort zone superiore"},"content":{"rendered":"\n<p><strong>La <em>Upper Comfort Zone<\/em><\/strong> \u00e8 la parte superiore del materasso, quella a diretto contatto con il corpo, che determina la percezione immediata di comfort. Spesso si tende a giudicare un materasso \u201cmorbido\u201d solo perch\u00e9 lo strato superficiale \u00e8 avvolgente e accogliente. In realt\u00e0, un materasso pu\u00f2 avere un\u2019anima molto sostenuta e una parte superiore modellante, offrendo cos\u00ec una portanza rigida ma un elevato livello di <em>Upper Comfort Zone<\/em>.<br>Questa scala ti aiuta a scegliere il materasso giusto valutando non solo la portanza, ma anche il grado di comfort percepito nella zona a contatto, in base alle tue aspettative personali, al grado di accoglienza di cui senti di aver bisogno.<\/p>\n\n\n\n<h3 class=\"wp-block-heading\">la scala del Comfort superiore<\/h3>\n\n\n\n<p>Nella parte superiore del materasso si concentrano imbottiture fitte e strati di materie prime diverse, sovrapposte per offrire sensazioni uniche di accoglienza. Questa complessit\u00e0 pu\u00f2 ingannare la percezione: un materasso pu\u00f2 sembrare morbido al primo contatto, grazie alla ricchezza e variet\u00e0 degli strati superficiali, pur mantenendo una portanza decisa nel cuore.<br>Per questo \u00e8 nata la scala <em>Upper Comfort Zone<\/em>: uno strumento che misura il livello di comfort percepito nello strato superiore, aiutandoti a scegliere il materasso valutando sia l\u2019accoglienza iniziale sia il sostegno complessivo.<\/p>\n\n\n\n<p><\/p>\n\n\n\n<p><\/p>\n","protected":false},"excerpt":{"rendered":"<p>La Upper Comfort Zone \u00e8 la parte superiore del materasso, quella a diretto contatto con il corpo, che determina la<\/p>\n<p><a href=\"https:\/\/www.gabriellibedding.com\/index.php\/gabrielli-materassi-firm\/\" class=\"more-link\">Continue reading<span class=\"screen-reader-text\">Comfort zone superiore<\/span><\/a><\/p>\n","protected":false},"author":1,"featured_media":0,"parent":0,"menu_order":0,"comment_status":"closed","ping_status":"closed","template":"","meta":{"footnotes":""},"class_list":["post-337","page","type-page","status-publish","hentry"],"yoast_head":"<!-- This site is optimized with the Yoast SEO plugin v25.4 - https:\/\/yoast.com\/wordpress\/plugins\/seo\/ -->\n<title>Comfort zone superiore - gabrielli bedding<\/title>\n<meta name=\"description\" content=\"La rigidit\u00e0 non \u00e8 un concetto universale e si riferisce al supporto del materasso. La Upper Comfort Zone \u00e8 il comfort superiore di contatto\" \/>\n<meta name=\"robots\" content=\"index, follow, max-snippet:-1, max-image-preview:large, max-video-preview:-1\" \/>\n<link rel=\"canonical\" href=\"https:\/\/www.gabriellibedding.com\/index.php\/gabrielli-materassi-firm\/\" \/>\n<meta property=\"og:locale\" content=\"it_IT\" \/>\n<meta property=\"og:type\" content=\"article\" \/>\n<meta property=\"og:title\" content=\"Comfort zone superiore - gabrielli bedding\" \/>\n<meta property=\"og:description\" content=\"La rigidit\u00e0 non \u00e8 un concetto universale e si riferisce al supporto del materasso. La Upper Comfort Zone \u00e8 il comfort superiore di contatto\" \/>\n<meta property=\"og:url\" content=\"https:\/\/www.gabriellibedding.com\/index.php\/gabrielli-materassi-firm\/\" \/>\n<meta property=\"og:site_name\" content=\"gabrielli bedding\" \/>\n<meta property=\"article:modified_time\" content=\"2025-08-17T21:35:28+00:00\" \/>\n<meta name=\"twitter:card\" content=\"summary_large_image\" \/>\n<meta name=\"twitter:label1\" content=\"Tempo di lettura stimato\" \/>\n\t<meta name=\"twitter:data1\" content=\"2 minuti\" \/>\n<script type=\"application\/ld+json\" class=\"yoast-schema-graph\">{\"@context\":\"https:\/\/schema.org\",\"@graph\":[{\"@type\":\"WebPage\",\"@id\":\"https:\/\/www.gabriellibedding.com\/index.php\/gabrielli-materassi-firm\/\",\"url\":\"https:\/\/www.gabriellibedding.com\/index.php\/gabrielli-materassi-firm\/\",\"name\":\"Comfort zone superiore - gabrielli bedding\",\"isPartOf\":{\"@id\":\"https:\/\/www.gabriellibedding.com\/#website\"},\"datePublished\":\"2023-09-10T09:18:34+00:00\",\"dateModified\":\"2025-08-17T21:35:28+00:00\",\"description\":\"La rigidit\u00e0 non \u00e8 un concetto universale e si riferisce al supporto del materasso. La Upper Comfort Zone \u00e8 il comfort superiore di contatto\",\"breadcrumb\":{\"@id\":\"https:\/\/www.gabriellibedding.com\/index.php\/gabrielli-materassi-firm\/#breadcrumb\"},\"inLanguage\":\"it-IT\",\"potentialAction\":[{\"@type\":\"ReadAction\",\"target\":[\"https:\/\/www.gabriellibedding.com\/index.php\/gabrielli-materassi-firm\/\"]}]},{\"@type\":\"BreadcrumbList\",\"@id\":\"https:\/\/www.gabriellibedding.com\/index.php\/gabrielli-materassi-firm\/#breadcrumb\",\"itemListElement\":[{\"@type\":\"ListItem\",\"position\":1,\"name\":\"Home\",\"item\":\"https:\/\/www.gabriellibedding.com\/\"},{\"@type\":\"ListItem\",\"position\":2,\"name\":\"Comfort zone superiore\"}]},{\"@type\":\"WebSite\",\"@id\":\"https:\/\/www.gabriellibedding.com\/#website\",\"url\":\"https:\/\/www.gabriellibedding.com\/\",\"name\":\"gabrielli bedding\",\"description\":\"artigianato del materasso\",\"publisher\":{\"@id\":\"https:\/\/www.gabriellibedding.com\/#organization\"},\"potentialAction\":[{\"@type\":\"SearchAction\",\"target\":{\"@type\":\"EntryPoint\",\"urlTemplate\":\"https:\/\/www.gabriellibedding.com\/?s={search_term_string}\"},\"query-input\":{\"@type\":\"PropertyValueSpecification\",\"valueRequired\":true,\"valueName\":\"search_term_string\"}}],\"inLanguage\":\"it-IT\"},{\"@type\":\"Organization\",\"@id\":\"https:\/\/www.gabriellibedding.com\/#organization\",\"name\":\"gabrielli bedding\",\"url\":\"https:\/\/www.gabriellibedding.com\/\",\"logo\":{\"@type\":\"ImageObject\",\"inLanguage\":\"it-IT\",\"@id\":\"https:\/\/www.gabriellibedding.com\/#\/schema\/logo\/image\/\",\"url\":\"https:\/\/www.gabriellibedding.com\/wp-content\/uploads\/2024\/07\/cropped-gabrielli-logo-small-black.jpg\",\"contentUrl\":\"https:\/\/www.gabriellibedding.com\/wp-content\/uploads\/2024\/07\/cropped-gabrielli-logo-small-black.jpg\",\"width\":261,\"height\":153,\"caption\":\"gabrielli bedding\"},\"image\":{\"@id\":\"https:\/\/www.gabriellibedding.com\/#\/schema\/logo\/image\/\"}}]}<\/script>\n<!-- \/ Yoast SEO plugin. -->","yoast_head_json":{"title":"Comfort zone superiore - gabrielli bedding","description":"La rigidit\u00e0 non \u00e8 un concetto universale e si riferisce al supporto del materasso. La Upper Comfort Zone \u00e8 il comfort superiore di contatto","robots":{"index":"index","follow":"follow","max-snippet":"max-snippet:-1","max-image-preview":"max-image-preview:large","max-video-preview":"max-video-preview:-1"},"canonical":"https:\/\/www.gabriellibedding.com\/index.php\/gabrielli-materassi-firm\/","og_locale":"it_IT","og_type":"article","og_title":"Comfort zone superiore - gabrielli bedding","og_description":"La rigidit\u00e0 non \u00e8 un concetto universale e si riferisce al supporto del materasso. La Upper Comfort Zone \u00e8 il comfort superiore di contatto","og_url":"https:\/\/www.gabriellibedding.com\/index.php\/gabrielli-materassi-firm\/","og_site_name":"gabrielli bedding","article_modified_time":"2025-08-17T21:35:28+00:00","twitter_card":"summary_large_image","twitter_misc":{"Tempo di lettura stimato":"2 minuti"},"schema":{"@context":"https:\/\/schema.org","@graph":[{"@type":"WebPage","@id":"https:\/\/www.gabriellibedding.com\/index.php\/gabrielli-materassi-firm\/","url":"https:\/\/www.gabriellibedding.com\/index.php\/gabrielli-materassi-firm\/","name":"Comfort zone superiore - gabrielli bedding","isPartOf":{"@id":"https:\/\/www.gabriellibedding.com\/#website"},"datePublished":"2023-09-10T09:18:34+00:00","dateModified":"2025-08-17T21:35:28+00:00","description":"La rigidit\u00e0 non \u00e8 un concetto universale e si riferisce al supporto del materasso. La Upper Comfort Zone \u00e8 il comfort superiore di contatto","breadcrumb":{"@id":"https:\/\/www.gabriellibedding.com\/index.php\/gabrielli-materassi-firm\/#breadcrumb"},"inLanguage":"it-IT","potentialAction":[{"@type":"ReadAction","target":["https:\/\/www.gabriellibedding.com\/index.php\/gabrielli-materassi-firm\/"]}]},{"@type":"BreadcrumbList","@id":"https:\/\/www.gabriellibedding.com\/index.php\/gabrielli-materassi-firm\/#breadcrumb","itemListElement":[{"@type":"ListItem","position":1,"name":"Home","item":"https:\/\/www.gabriellibedding.com\/"},{"@type":"ListItem","position":2,"name":"Comfort zone superiore"}]},{"@type":"WebSite","@id":"https:\/\/www.gabriellibedding.com\/#website","url":"https:\/\/www.gabriellibedding.com\/","name":"gabrielli bedding","description":"artigianato del materasso","publisher":{"@id":"https:\/\/www.gabriellibedding.com\/#organization"},"potentialAction":[{"@type":"SearchAction","target":{"@type":"EntryPoint","urlTemplate":"https:\/\/www.gabriellibedding.com\/?s={search_term_string}"},"query-input":{"@type":"PropertyValueSpecification","valueRequired":true,"valueName":"search_term_string"}}],"inLanguage":"it-IT"},{"@type":"Organization","@id":"https:\/\/www.gabriellibedding.com\/#organization","name":"gabrielli bedding","url":"https:\/\/www.gabriellibedding.com\/","logo":{"@type":"ImageObject","inLanguage":"it-IT","@id":"https:\/\/www.gabriellibedding.com\/#\/schema\/logo\/image\/","url":"https:\/\/www.gabriellibedding.com\/wp-content\/uploads\/2024\/07\/cropped-gabrielli-logo-small-black.jpg","contentUrl":"https:\/\/www.gabriellibedding.com\/wp-content\/uploads\/2024\/07\/cropped-gabrielli-logo-small-black.jpg","width":261,"height":153,"caption":"gabrielli bedding"},"image":{"@id":"https:\/\/www.gabriellibedding.com\/#\/schema\/logo\/image\/"}}]}},"_links":{"self":[{"href":"https:\/\/www.gabriellibedding.com\/index.php\/wp-json\/wp\/v2\/pages\/337","targetHints":{"allow":["GET"]}}],"collection":[{"href":"https:\/\/www.gabriellibedding.com\/index.php\/wp-json\/wp\/v2\/pages"}],"about":[{"href":"https:\/\/www.gabriellibedding.com\/index.php\/wp-json\/wp\/v2\/types\/page"}],"author":[{"embeddable":true,"href":"https:\/\/www.gabriellibedding.com\/index.php\/wp-json\/wp\/v2\/users\/1"}],"replies":[{"embeddable":true,"href":"https:\/\/www.gabriellibedding.com\/index.php\/wp-json\/wp\/v2\/comments?post=337"}],"version-history":[{"count":15,"href":"https:\/\/www.gabriellibedding.com\/index.php\/wp-json\/wp\/v2\/pages\/337\/revisions"}],"predecessor-version":[{"id":825,"href":"https:\/\/www.gabriellibedding.com\/index.php\/wp-json\/wp\/v2\/pages\/337\/revisions\/825"}],"wp:attachment":[{"href":"https:\/\/www.gabriellibedding.com\/index.php\/wp-json\/wp\/v2\/media?parent=337"}],"curies":[{"name":"wp","href":"https:\/\/api.w.org\/{rel}","templated":true}]}}